{"id":865,"date":"2019-02-28T14:29:37","date_gmt":"2019-02-28T14:29:37","guid":{"rendered":"http:\/\/campinglabedure.com\/?page_id=865"},"modified":"2024-08-11T16:42:56","modified_gmt":"2024-08-11T16:42:56","slug":"faciliteiten","status":"publish","type":"page","link":"https:\/\/www.campinglabedure.com\/fr\/installations\/","title":{"rendered":"Services"},"content":{"rendered":"<p>[vc_row css=\u00a0\u00bb.vc_custom_1457535236804{margin-top: 6.9rem !important;background-color: #ffffff !important;}\u00a0\u00bb][vc_column width=\u00a0\u00bb2\/3&Prime;]<div class=\"sc_section\"><div class=\"sc_section_inner\"><h2 class=\"sc_section_title sc_item_title sc_item_title_without_descr\">Services<\/h2><div class=\"sc_section_content_wrap\"><div class=\"columns_wrap sc_columns columns_nofluid sc_columns_count_1 margin_top_small\"><div class=\"column-1_1 sc_column_item sc_column_item_1 odd first\">[vc_column_text]Camping La Bedure est situ\u00e9 en Bourgogne, au sud du parc naturel du Morvan. Le camping est situ\u00e9 dans une zone rurale avec du b\u00e9tail et de l&rsquo;agriculture, mais il est \u00e9galement bois\u00e9 et vallonn\u00e9. Dans notre camping, les gens viennent se reposer ou veulent combiner repos et activit\u00e9s. A c\u00f4t\u00e9 du camping se trouvent une belle et grande piscine chauff\u00e9e et des terrains de jeux gratuits. Au camping, il y a une aire de jeux pour les enfants, avec des \u00e9quipements d&rsquo;escalade, une table de ping-pong, des v\u00e9los et des karts. Les chiens sont \u00e9galement les bienvenus, s&rsquo;ils sont en laisse. Ils doivent \u00eatre pris \u00e0 l&rsquo;ext\u00e9rieur du camping.<\/p>\n<p><img loading=\"lazy\" decoding=\"async\" class=\"alignleft wp-image-959\" src=\"http:\/\/campinglabedure.com\/wp-content\/uploads\/2019\/03\/Wifi-La-Bedure-300x200.jpg\" alt=\"\" width=\"100\" height=\"67\" srcset=\"https:\/\/www.campinglabedure.com\/wp-content\/uploads\/2019\/03\/Wifi-La-Bedure-300x200.jpg 300w, https:\/\/www.campinglabedure.com\/wp-content\/uploads\/2019\/03\/Wifi-La-Bedure-768x512.jpg 768w, https:\/\/www.campinglabedure.com\/wp-content\/uploads\/2019\/03\/Wifi-La-Bedure-720x480.jpg 720w, https:\/\/www.campinglabedure.com\/wp-content\/uploads\/2019\/03\/Wifi-La-Bedure.jpg 800w\" sizes=\"auto, (max-width: 100px) 100vw, 100px\" \/>WiFi gratuit est disponible au camping![\/vc_column_text]<\/div><\/div><\/div><\/div><\/div>[\/vc_column][vc_column width=\u00a0\u00bb1\/3&Prime;]<h6 class=\"sc_title sc_title_iconed\" style=\"font-size:0.938em;\"><span class=\"sc_title_icon sc_title_icon_left  sc_title_icon_small icon-ok-circled\"><\/span>WIFI gratuit<\/h6><h6 class=\"sc_title sc_title_iconed\" style=\"font-size:0.938em;\"><span class=\"sc_title_icon sc_title_icon_left  sc_title_icon_small icon-ok-circled\"><\/span>2 blocs sanitaire<\/h6><h6 class=\"sc_title sc_title_iconed\" style=\"font-size:0.938em;\"><span class=\"sc_title_icon sc_title_icon_left  sc_title_icon_small icon-ok-circled\"><\/span>Eau chaude gratuite<\/h6><h6 class=\"sc_title sc_title_iconed\" style=\"font-size:0.938em;\"><span class=\"sc_title_icon sc_title_icon_left  sc_title_icon_small icon-ok-circled\"><\/span>Piscine chauff\u00e9e gratuite<\/h6><h6 class=\"sc_title sc_title_iconed\" style=\"font-size:0.938em;\"><span class=\"sc_title_icon sc_title_icon_left  sc_title_icon_small icon-ok-circled\"><\/span>Aire de jeux et v\u00e9los<\/h6><h6 class=\"sc_title sc_title_iconed\" style=\"font-size:0.938em;\"><span class=\"sc_title_icon sc_title_icon_left  sc_title_icon_small icon-ok-circled\"><\/span>Supermarch\u00e9 \u00e0 proximit\u00e9<\/h6><h6 class=\"sc_title sc_title_iconed\" style=\"font-size:0.938em;\"><span class=\"sc_title_icon sc_title_icon_left  sc_title_icon_small icon-ok-circled\"><\/span>Pizzas et frites<\/h6>[\/vc_column][\/vc_row][vc_row full_width=\u00a0\u00bbstretch_row\u00a0\u00bb inverse=\u00a0\u00bb\u00a0\u00bb css=\u00a0\u00bb.vc_custom_1551365086427{margin-top: 15px !important;padding-top: 10px !important;padding-bottom: 10px !important;background-color: #ffffff !important;}\u00a0\u00bb][vc_column width=\u00a0\u00bb1\/3&Prime;][vc_row_inner][vc_column_inner][vc_single_image image=\u00a0\u00bb770&Prime; img_size=\u00a0\u00bbfull\u00a0\u00bb][vc_column_text css=\u00a0\u00bb.vc_custom_1686924090111{padding-top: 15px !important;padding-right: 15px !important;padding-bottom: 15px !important;padding-left: 15px !important;background-color: #9ac82b !important;}\u00a0\u00bb]<\/p>\n<h5><strong>La piscine<br \/>\n<\/strong><\/h5>\n<p>La piscine chauff\u00e9e est gratuite pour les clients du camping. Il y a un bassin pour les tout-petits, un bassin pour les tout-petits et un bain profond (25 m\u00e8tres). Messieurs et gar\u00e7ons sont tenus de porter un slip de bain. Les cale\u00e7ons ou autres types sont interdits. \u00c0 la piscine, vous pourrez faire le volley-ball. La piscine est ouverte de 11h \u00e0 19h du 8\/7 au 28\/9.[\/vc_column_text][\/vc_column_inner][\/vc_row_inner][\/vc_column][vc_column width=\u00a0\u00bb1\/3&Prime;][vc_row_inner][vc_column_inner][vc_single_image image=\u00a0\u00bb915&Prime; img_size=\u00a0\u00bbfull\u00a0\u00bb][vc_column_text css=\u00a0\u00bb.vc_custom_1555335637760{padding-top: 15px !important;padding-right: 15px !important;padding-bottom: 15px !important;padding-left: 15px !important;background-color: #9ac82b !important;}\u00a0\u00bb]<\/p>\n<h5><strong>Aire de jeux et v\u00e9los<\/strong><\/h5>\n<p>Au centre du camping se trouve une aire de jeux avec une maison de jeu, une baignoire pour b\u00e9b\u00e9, un bac \u00e0 sable, des balan\u00e7oires, du mat\u00e9riel d&rsquo;escalade et une table de ping-pong. Des v\u00e9los et des karts sont \u00e9galement disponibles pour les enfants. \u00c0 c\u00f4t\u00e9 du camping se trouvent un terrain de jeu et un terrain de football avec des buts.[\/vc_column_text][\/vc_column_inner][\/vc_row_inner][\/vc_column][vc_column width=\u00a0\u00bb1\/3&Prime;][vc_row_inner][vc_column_inner][vc_single_image image=\u00a0\u00bb1136&Prime; img_size=\u00a0\u00bbfull\u00a0\u00bb][vc_column_text css=\u00a0\u00bb.vc_custom_1555335828629{padding-top: 15px !important;padding-right: 15px !important;padding-bottom: 15px !important;padding-left: 15px !important;background-color: #9ac82b !important;}\u00a0\u00bb]<\/p>\n<h5><strong>Salle de loisirs<br \/>\n<\/strong><\/h5>\n<p>Il y a des tables et des chaises dans le petit salle de loisirs. Par exemple, nos invit\u00e9s peuvent y jouer \u00e0 des jeux de soci\u00e9t\u00e9. Il y a aussi une t\u00e9l\u00e9vision et vous pourrez profiter des retransmissions des championnats de football et du Tour de France.[\/vc_column_text][\/vc_column_inner][\/vc_row_inner][\/vc_column][\/vc_row][vc_row full_width=\u00a0\u00bbstretch_row\u00a0\u00bb inverse=\u00a0\u00bb\u00a0\u00bb css=\u00a0\u00bb.vc_custom_1551365095636{margin-top: 15px !important;padding-top: 10px !important;padding-bottom: 10px !important;background-color: #ffffff !important;}\u00a0\u00bb][vc_column width=\u00a0\u00bb1\/3&Prime;][vc_row_inner][vc_column_inner][vc_single_image image=\u00a0\u00bb977&Prime; img_size=\u00a0\u00bbfull\u00a0\u00bb][vc_column_text css=\u00a0\u00bb.vc_custom_1555335914583{padding-top: 15px !important;padding-right: 15px !important;padding-bottom: 15px !important;padding-left: 15px !important;background-color: #159ceb !important;}\u00a0\u00bb]<\/p>\n<h5><strong>Supermarch\u00e9<br \/>\n<\/strong><\/h5>\n<p>Il y a un supermarch\u00e9 en face du camping. Ici, vous pouvez aller pour tous vos achats. Un autre grand supermarch\u00e9 se trouve \u00e0 5 minutes de route, \u00e0 Luzy.[\/vc_column_text][\/vc_column_inner][\/vc_row_inner][\/vc_column][vc_column width=\u00a0\u00bb1\/3&Prime;][vc_row_inner][vc_column_inner][vc_single_image image=\u00a0\u00bb975&Prime; img_size=\u00a0\u00bbfull\u00a0\u00bb][vc_column_text css=\u00a0\u00bb.vc_custom_1555335968883{padding-top: 15px !important;padding-right: 15px !important;padding-bottom: 15px !important;padding-left: 15px !important;background-color: #159ceb !important;}\u00a0\u00bb]<\/p>\n<h5><strong>Terrasse<\/strong><\/h5>\n<p>Sur le camping, vous trouverez une petite terrasse o\u00f9 vous pourrez d\u00e9guster de petites choses telles que des glaces, des boissons non alcoolis\u00e9es, de la bi\u00e8re, du vin, du caf\u00e9 et du th\u00e9.[\/vc_column_text][\/vc_column_inner][\/vc_row_inner][\/vc_column][vc_column width=\u00a0\u00bb1\/3&Prime;][vc_row_inner][vc_column_inner][vc_single_image image=\u00a0\u00bb917&Prime; img_size=\u00a0\u00bbfull\u00a0\u00bb][vc_column_text css=\u00a0\u00bb.vc_custom_1686924492021{padding-top: 15px !important;padding-right: 15px !important;padding-bottom: 15px !important;padding-left: 15px !important;background-color: #159ceb !important;}\u00a0\u00bb]<\/p>\n<h5><strong>Pizzas et frites<br \/>\n<\/strong><\/h5>\n<p>Nous pr\u00e9parons nous-m\u00eames plusieurs pizzas deux fois par semaine. Les autres jours : frites. Vous pouvez vous inscrire pour cela le jour concern\u00e9 avant 12h00. Les pizzas sont g\u00e9n\u00e9ralement cuites les vendredis et lundis; Les jours de frites sont g\u00e9n\u00e9ralement le dimanche et le mercredi.[\/vc_column_text][\/vc_column_inner][\/vc_row_inner][\/vc_column][\/vc_row][vc_row full_width=\u00a0\u00bbstretch_row\u00a0\u00bb inverse=\u00a0\u00bb\u00a0\u00bb css=\u00a0\u00bb.vc_custom_1551365103241{margin-top: 15px !important;padding-top: 10px !important;padding-bottom: 10px !important;background-color: #ffffff !important;}\u00a0\u00bb][vc_column width=\u00a0\u00bb1\/3&Prime;][vc_row_inner][vc_column_inner][vc_single_image image=\u00a0\u00bb979&Prime; img_size=\u00a0\u00bbfull\u00a0\u00bb][vc_column_text css=\u00a0\u00bb.vc_custom_1626189123800{padding-top: 15px !important;padding-right: 15px !important;padding-bottom: 15px !important;padding-left: 15px !important;background-color: #e5001c !important;}\u00a0\u00bb]<\/p>\n<h5><strong>Les sanitaires<br \/>\n<\/strong><\/h5>\n<p>Il y a 2 blocs sanitaires. Chacune avec douches, lavabos, lave-vaisselle et toilettes. La douche chaude et l&rsquo;eau vaisselle sont gratuites. L&rsquo;\u00e9nergie est produite de mani\u00e8re durable, ce qui se traduit par un grand jet d&rsquo;eau chaude pour la douche. Les sanitaires ont \u00e9t\u00e9 r\u00e9nov\u00e9s et compl\u00e9t\u00e9s avec 2 chambres familiales, toilettes et lavabos. Nouveau : 4 x installations sanitaires priv\u00e9es disponibles \u00e0 partir de 3 jours.[\/vc_column_text][\/vc_column_inner][\/vc_row_inner][\/vc_column][vc_column width=\u00a0\u00bb1\/3&Prime;][vc_row_inner][vc_column_inner][vc_single_image image=\u00a0\u00bb919&Prime; img_size=\u00a0\u00bbfull\u00a0\u00bb][vc_column_text css=\u00a0\u00bb.vc_custom_1555336344787{padding-top: 15px !important;padding-right: 15px !important;padding-bottom: 15px !important;padding-left: 15px !important;background-color: #e5001c !important;}\u00a0\u00bb]<\/p>\n<h5><strong>Livres et magazines<\/strong><\/h5>\n<p>Dans la r\u00e9ception, vous trouverez une biblioth\u00e8que pleine de livres. Vous pouvez emprunter des livres gratuitement chez nous. Dans le bloc sanitaire, vous trouverez un rack rempli de magazines. Vous pouvez \u00e9galement les emprunter et \/ ou les compl\u00e9ter gratuitement.[\/vc_column_text][\/vc_column_inner][\/vc_row_inner][\/vc_column][vc_column width=\u00a0\u00bb1\/3&Prime;][vc_row_inner][vc_column_inner][vc_single_image image=\u00a0\u00bb1141&Prime; img_size=\u00a0\u00bbfull\u00a0\u00bb][vc_column_text css=\u00a0\u00bb.vc_custom_1555336417124{padding-top: 15px !important;padding-right: 15px !important;padding-bottom: 15px !important;padding-left: 15px !important;background-color: #e5001c !important;}\u00a0\u00bb]<\/p>\n<h5><strong>La s\u00e9curit\u00e9<br \/>\n<\/strong><\/h5>\n<p>Les enfants peuvent jouer en toute s\u00e9curit\u00e9 sur le camping. Il y a beaucoup de vue d&rsquo;ensemble et de contr\u00f4le social. L&rsquo;acc\u00e8s au camping est ferm\u00e9 avec une serrure la nuit. Cela est d\u00fb \u00e0 la s\u00e9curit\u00e9 de nos invit\u00e9s. Le camping est \u00e9galement surveill\u00e9 pendant la nuit.[\/vc_column_text][\/vc_column_inner][\/vc_row_inner][\/vc_column][\/vc_row][vc_row full_width=\u00a0\u00bbstretch_row\u00a0\u00bb inverse=\u00a0\u00bb\u00a0\u00bb el_class=\u00a0\u00bbaccent1_bgc\u00a0\u00bb][vc_column]<div id=\"sc_call_to_action_1643749547\" class=\"sc_call_to_action sc_call_to_action_accented sc_call_to_action_style_2 sc_call_to_action_align_left\" style=\"width:100%;\"><div class=\"columns_wrap\"><div class=\"sc_call_to_action_info column-3_4\"><h2 class=\"sc_call_to_action_title sc_item_title sc_item_title_without_descr\">R\u00e9server<\/h2><\/div><div class=\"sc_call_to_action_buttons sc_item_buttons column-1_4\"><div class=\"sc_call_to_action_button sc_item_button\"><a href=\"http:\/\/campinglabedure.com\/tarieven-reserveren\/\" class=\"sc_button sc_button_square sc_button_style_filled sc_button_size_small  sc_button_iconed icon-right\">Tarifs et R\u00e9servations<\/a><\/div><\/div><\/div><\/div>[\/vc_column][\/vc_row]<\/p>","protected":false},"excerpt":{"rendered":"<p>[vc_row css=\u00a0\u00bb.vc_custom_1457535236804{margin-top: 6.9rem !important;background-color: #ffffff !important;}\u00a0\u00bb][vc_column width=\u00a0\u00bb2\/3&Prime;][\/vc_column][vc_column width=\u00a0\u00bb1\/3&Prime;][\/vc_column][\/vc_row][vc_row full_width=\u00a0\u00bbstretch_row\u00a0\u00bb inverse=\u00a0\u00bb\u00a0\u00bb css=\u00a0\u00bb.vc_custom_1551365086427{margin-top: 15px !important;padding-top: 10px !important;padding-bottom: 10px !important;background-color: #ffffff !important;}\u00a0\u00bb][vc_column width=\u00a0\u00bb1\/3&Prime;][vc_row_inner][vc_column_inner][vc_single_image image=\u00a0\u00bb770&Prime; img_size=\u00a0\u00bbfull\u00a0\u00bb][vc_column_text css=\u00a0\u00bb.vc_custom_1686924090111{padding-top: 15px !important;padding-right: 15px !important;padding-bottom: 15px !important;padding-left: 15px !important;background-color: #9ac82b !important;}\u00a0\u00bb] La piscine La piscine chauff\u00e9e est gratuite pour les clients du camping. Il y a un bassin pour les tout-petits, un bassin [&hellip;]<\/p>\n","protected":false},"author":1,"featured_media":0,"parent":0,"menu_order":0,"comment_status":"closed","ping_status":"closed","template":"","meta":{"_exactmetrics_skip_tracking":false,"_exactmetrics_sitenote_active":false,"_exactmetrics_sitenote_note":"","_exactmetrics_sitenote_category":0,"footnotes":""},"class_list":["post-865","page","type-page","status-publish","hentry"],"_links":{"self":[{"href":"https:\/\/www.campinglabedure.com\/fr\/wp-json\/wp\/v2\/pages\/865","targetHints":{"allow":["GET"]}}],"collection":[{"href":"https:\/\/www.campinglabedure.com\/fr\/wp-json\/wp\/v2\/pages"}],"about":[{"href":"https:\/\/www.campinglabedure.com\/fr\/wp-json\/wp\/v2\/types\/page"}],"author":[{"embeddable":true,"href":"https:\/\/www.campinglabedure.com\/fr\/wp-json\/wp\/v2\/users\/1"}],"replies":[{"embeddable":true,"href":"https:\/\/www.campinglabedure.com\/fr\/wp-json\/wp\/v2\/comments?post=865"}],"version-history":[{"count":59,"href":"https:\/\/www.campinglabedure.com\/fr\/wp-json\/wp\/v2\/pages\/865\/revisions"}],"predecessor-version":[{"id":2112,"href":"https:\/\/www.campinglabedure.com\/fr\/wp-json\/wp\/v2\/pages\/865\/revisions\/2112"}],"wp:attachment":[{"href":"https:\/\/www.campinglabedure.com\/fr\/wp-json\/wp\/v2\/media?parent=865"}],"curies":[{"name":"wp","href":"https:\/\/api.w.org\/{rel}","templated":true}]}}