{"id":739,"date":"2018-07-24T12:03:26","date_gmt":"2018-07-24T12:03:26","guid":{"rendered":"http:\/\/campinglabedure.com\/?page_id=739"},"modified":"2020-02-23T18:14:27","modified_gmt":"2020-02-23T18:14:27","slug":"privacy-policy","status":"publish","type":"page","link":"https:\/\/www.campinglabedure.com\/fr\/privacy-policy\/","title":{"rendered":"D\u00e9claration de confidentialit\u00e9"},"content":{"rendered":"<p>[vc_row hide_bg_image_on_tablet=\u00a0\u00bb\u00a0\u00bb hide_bg_image_on_mobile=\u00a0\u00bb\u00a0\u00bb css=\u00a0\u00bb.vc_custom_1527690588959{background-color: #f7f8f9 !important;}\u00a0\u00bb][vc_column icons_position=\u00a0\u00bbleft\u00a0\u00bb][vc_column_text]<strong>D\u00e9claration de confidentialit\u00e9 Camping La Bedure<\/strong><\/p>\n<p>Par le biais de notre site Internet, nous vous offrons la possibilit\u00e9 de nous contacter et de r\u00e9server un emplacement de camping sur notre camping. En outre, nous traitons des informations sensibles en mati\u00e8re de protection de la vie priv\u00e9e (donn\u00e9es personnelles). Nous ne coop\u00e9rons en aucun cas avec des tiers pour \u00e9changer les donn\u00e9es qui nous sont transmises.<\/p>\n<p>Nous consid\u00e9rons qu&rsquo;il est important que les donn\u00e9es personnelles soient trait\u00e9es avec soin. Nous traitons et s\u00e9curisons les donn\u00e9es personnelles avec pr\u00e9cision. Ce faisant, nous nous conformons aux exigences de la l\u00e9gislation sur la protection de la vie priv\u00e9e. Cela signifie, par exemple, que nous :<\/p>\n<p>&#8211; indiquer clairement les finalit\u00e9s pour lesquelles nous traitons les donn\u00e9es personnelles. Nous le faisons lorsque nous demandons des donn\u00e9es personnelles et via cette d\u00e9claration de confidentialit\u00e9;<\/p>\n<p>&#8211; Essayez de limiter la collecte de donn\u00e9es personnelles aux seules donn\u00e9es personnelles n\u00e9cessaires aux fins pour lesquelles elles sont trait\u00e9es. Si nous demandons plus que n\u00e9cessaire, nous ne le ferons qu&rsquo;avec le consentement explicite. Dans ce cas, nous vous expliquerons clairement pourquoi nous vous demandons ces informations suppl\u00e9mentaires;<\/p>\n<p>&#8211; vous demander d&rsquo;abord l&rsquo;autorisation explicite de traiter vos donn\u00e9es personnelles dans les cas o\u00f9 votre autorisation est requise ;<\/p>\n<p>&#8211; ne pas transmettre vos donn\u00e9es \u00e0 des tiers, sauf si cela est n\u00e9cessaire pour fournir le service demand\u00e9 ou si nous sommes l\u00e9galement oblig\u00e9s de le faire;<\/p>\n<p>&#8211; Lorsque nous partageons vos renseignements personnels, prenez des dispositions avec des tiers pour vous assurer, entre autres choses, qu&rsquo;ils ne sont pas utilis\u00e9s \u00e0 d&rsquo;autres fins;<\/p>\n<p>&#8211; Prenez les mesures de s\u00e9curit\u00e9 appropri\u00e9es pour prot\u00e9ger vos donn\u00e9es personnelles et les m\u00eames exigences de la part des parties qui traitent des donn\u00e9es personnelles en notre nom;<\/p>\n<p>&#8211; Respecter votre droit d&rsquo;acc\u00e8s, de rectification ou de suppression de vos donn\u00e9es personnelles \u00e0 votre demande.<\/p>\n<p>Les donn\u00e9es personnelles sont consult\u00e9es par le propri\u00e9taire du Camping La Bedure. Le webmaster peut \u00e9galement visualiser les donn\u00e9es. On a demand\u00e9 \u00e0 ces personnes de se conformer \u00e0 la loi sur la protection des renseignements personnels.<\/p>\n<p>Si vous souhaitez nous contacter \u00e0 la suite de cette d\u00e9claration de confidentialit\u00e9, vous pouvez le faire via cette adresse e-mail : <a href=\"mailto:info@campinglabedure.nl\" target=\"_blank\" rel=\"noopener\">info@campinglabedure.nl<\/a>[\/vc_column_text][vc_empty_space height=\u00a0\u00bb4em\u00a0\u00bb alter_height=\u00a0\u00bbnone\u00a0\u00bb hide_on_mobile=\u00a0\u00bb\u00a0\u00bb hide_on_desktop=\u00a0\u00bb\u00a0\u00bb hide_on_notebook=\u00a0\u00bb\u00a0\u00bb hide_on_tablet=\u00a0\u00bb\u00a0\u00bb][\/vc_column][\/vc_row]<\/p>","protected":false},"excerpt":{"rendered":"<p>[vc_row hide_bg_image_on_tablet=\u00a0\u00bb\u00a0\u00bb hide_bg_image_on_mobile=\u00a0\u00bb\u00a0\u00bb css=\u00a0\u00bb.vc_custom_1527690588959{background-color: #f7f8f9 !important;}\u00a0\u00bb][vc_column icons_position=\u00a0\u00bbleft\u00a0\u00bb][vc_column_text]D\u00e9claration de confidentialit\u00e9 Camping La Bedure Par le biais de notre site Internet, nous vous offrons la possibilit\u00e9 de nous contacter et de r\u00e9server un emplacement de camping sur notre camping. En outre, nous traitons des informations sensibles en mati\u00e8re de protection de la vie priv\u00e9e (donn\u00e9es personnelles). Nous [&hellip;]<\/p>\n","protected":false},"author":1,"featured_media":0,"parent":0,"menu_order":0,"comment_status":"closed","ping_status":"closed","template":"","meta":{"_exactmetrics_skip_tracking":false,"_exactmetrics_sitenote_active":false,"_exactmetrics_sitenote_note":"","_exactmetrics_sitenote_category":0,"footnotes":""},"class_list":["post-739","page","type-page","status-publish","hentry"],"_links":{"self":[{"href":"https:\/\/www.campinglabedure.com\/fr\/wp-json\/wp\/v2\/pages\/739","targetHints":{"allow":["GET"]}}],"collection":[{"href":"https:\/\/www.campinglabedure.com\/fr\/wp-json\/wp\/v2\/pages"}],"about":[{"href":"https:\/\/www.campinglabedure.com\/fr\/wp-json\/wp\/v2\/types\/page"}],"author":[{"embeddable":true,"href":"https:\/\/www.campinglabedure.com\/fr\/wp-json\/wp\/v2\/users\/1"}],"replies":[{"embeddable":true,"href":"https:\/\/www.campinglabedure.com\/fr\/wp-json\/wp\/v2\/comments?post=739"}],"version-history":[{"count":7,"href":"https:\/\/www.campinglabedure.com\/fr\/wp-json\/wp\/v2\/pages\/739\/revisions"}],"predecessor-version":[{"id":1596,"href":"https:\/\/www.campinglabedure.com\/fr\/wp-json\/wp\/v2\/pages\/739\/revisions\/1596"}],"wp:attachment":[{"href":"https:\/\/www.campinglabedure.com\/fr\/wp-json\/wp\/v2\/media?parent=739"}],"curies":[{"name":"wp","href":"https:\/\/api.w.org\/{rel}","templated":true}]}}