{"id":551,"date":"2016-04-01T12:04:06","date_gmt":"2016-04-01T12:04:06","guid":{"rendered":"http:\/\/campinglabedure.com\/?page_id=551"},"modified":"2026-03-19T21:34:24","modified_gmt":"2026-03-19T21:34:24","slug":"tarieven-reserveren","status":"publish","type":"page","link":"https:\/\/www.campinglabedure.com\/fr\/tarifs-et-reservations\/","title":{"rendered":"Tarifs et r\u00e9servations"},"content":{"rendered":"<p>[vc_row][vc_column][vc_column_text][\/vc_column_text][\/vc_column][\/vc_row][vc_row][vc_column][vc_raw_html]JTNDaWZyYW1lJTIwc3JjJTNEJTIyaHR0cHMlM0ElMkYlMkZib29raW5ncy5jYW1waW5nbGFiZWR1cmUuY29tJTJGJTNGbGFuZyUzRGZyJTIyJTIwd2lkdGglM0QlMjIxMDAlMjUlMjIlMjBoZWlnaHQlM0QlMjIxNDAwJTIyJTIwZnJhbWVib3JkZXIlM0QlMjIwJTIyJTIwc2Nyb2xsaW5nJTNEJTIyYXV0byUyMiUyMHN0eWxlJTNEJTIyd2lkdGglM0ExMDAlMjUlM0IlMjBtaW4taGVpZ2h0JTNBMTQwMHB4JTNCJTIwYm9yZGVyJTNBbm9uZSUzQiUyMGRpc3BsYXklM0FibG9jayUzQiUyMiUzRSUzQyUyRmlmcmFtZSUzRQ==[\/vc_raw_html][vc_column_text]<\/p>\n<h5>Le camping est ouvert du 1 mai au 15 septembre 2026<\/h5>\n<h6><strong>Les tarifs par jour<\/strong><\/h6>\n<p><a href=\"https:\/\/www.campinglabedure.com\/wp-content\/uploads\/2024\/01\/Plattegrond-La-bedure2024-1.pdf-1.pdf\" target=\"_blank\" rel=\"noopener noreferrer\"><img loading=\"lazy\" decoding=\"async\" class=\"wp-image-2031 size-medium alignright\" src=\"https:\/\/www.campinglabedure.com\/wp-content\/uploads\/2024\/01\/Plattegrond-La-bedure2024-1.pdf-1-pdf-300x212.jpg\" alt=\"\" width=\"300\" height=\"212\" \/><\/a><\/p>\n<table>\n<tbody>\n<tr>\n<td width=\"302\"><strong>2 personnes avec tente + voiture ou caravane + voiture ou camping-car<\/strong><\/td>\n<td width=\"302\"><\/td>\n<\/tr>\n<tr>\n<td width=\"302\">Basse saison : 01\/05 &#8211; 04\/07 &amp; 31\/08 &#8211; 15\/09<\/td>\n<td width=\"302\">\u20ac 16,50<\/td>\n<\/tr>\n<tr>\n<td width=\"302\">Haute saison : 05\/07 &#8211; 30\/08<\/td>\n<td width=\"302\">\u20ac 21,00<\/td>\n<\/tr>\n<tr>\n<td width=\"302\">\u00c9lectricit\u00e9 6 amp\u00e8res<\/td>\n<td width=\"302\">\u20ac 3,50<\/td>\n<\/tr>\n<tr>\n<td width=\"302\">Par personne suppl\u00e9mentaire<\/td>\n<td width=\"302\">\u20ac 3,50<\/td>\n<\/tr>\n<tr>\n<td width=\"302\">Enfant jusqu&rsquo;\u00e0 7 ans<\/td>\n<td width=\"302\">\u20ac 1,50<\/td>\n<\/tr>\n<tr>\n<td width=\"302\">Sanitaires priv\u00e9s (toilette, lavabo et douche)<br \/>\n\u00c0 partir de 3 jours.<\/td>\n<td width=\"302\">\u20ac 12,00<\/td>\n<\/tr>\n<tr>\n<td width=\"302\">Chien<\/td>\n<td width=\"302\">\u20ac 2,00<\/td>\n<\/tr>\n<tr>\n<td width=\"302\">Taxe de s\u00e9jour par personne et par nuit<\/td>\n<td width=\"302\">\u20ac 0,50<\/td>\n<\/tr>\n<\/tbody>\n<\/table>\n<p>&nbsp;<\/p>\n<p>R\u00e9duction en basse saison<br \/>\nPour un s\u00e9jour de 6 nuits ou plus en basse saison, nous accordons une r\u00e9duction de 10% sur le prix de l\u2019emplacement.<br \/>\n\u2192 La pr\u00e9-saison va jusqu\u2019au samedi 4 juillet 2026.<br \/>\n\u2192 L\u2019arri\u00e8re-saison commence le lundi 31 ao\u00fbt 2026.<\/p>\n<p><strong>Choisissez un emplacement agr\u00e9able<br \/>\n<\/strong>Si vous voulez \u00eatre s\u00fbr d\u2019avoir un bel emplacement sur notre camping, nous vous conseillons de r\u00e9server \u00e0 temps. Dans le formulaire de r\u00e9servation ci-dessus, vous pouvez indiquer l\u2019emplacement de votre pr\u00e9f\u00e9rence. Nous essaierons d\u2019en tenir compte autant que possible. Le plan du camping donne un aper\u00e7u des emplacements. Le tableau des emplacements contient plus d\u2019informations sur chaque place. Pour les campeurs d\u00e9j\u00e0 venus chez nous auparavant, il est utile de savoir que les emplacements 7 \u00e0 11 sont d\u00e9sormais plats.<\/p>\n<p><strong>Sanitaires priv\u00e9es<\/strong><br \/>\nDepuis la saison 2021, nous proposons quatre sanitaires priv\u00e9s, \u00e0 r\u00e9server pour un minimum de 3 jours. Chaque sanitaire se compose d\u2019une toilette, d\u2019un lavabo et d\u2019une cabine de douche. Afin de garantir un usage priv\u00e9, nous vous remettons une cl\u00e9. Le tarif est de \u20ac 12,00 par jour. Vous devez maintenir le sanitaire propre pendant votre s\u00e9jour et le laisser propre \u00e0 votre d\u00e9part. Si cela vous int\u00e9resse, merci de le mentionner lors de votre r\u00e9servation. Nous vous informerons si un sanitaire priv\u00e9 est disponible pendant la p\u00e9riode r\u00e9serv\u00e9e. Un espace vaisselle est \u00e9galement \u00e0 votre disposition.<\/p>\n<p><strong>Camping-car\/Camper<\/strong><\/p>\n<p>Nous sommes un camping de petite taille. Si vous envisagez de venir chez nous en camping-car ou de r\u00e9server un s\u00e9jour, veuillez noter qu\u2019en haute saison, nous pouvons uniquement proposer un bel emplacement de camping aux petits camping-cars, par exemple entre les tentes et les caravanes. Un petit camping-car mesure au maximum 6,8 m\u00e8tres et a un poids maximal de 3 000 kg. Pour les camping-cars plus grands et plus lourds, nous disposons de quelques emplacements sp\u00e9ciaux.<\/p>\n<p><img loading=\"lazy\" decoding=\"async\" class=\"alignleft wp-image-1561\" src=\"https:\/\/www.campinglabedure.com\/wp-content\/uploads\/2019\/12\/Anwb-kleine-camping.jpg\" alt=\"\" width=\"127\" height=\"130\" \/><\/p>\n<p><img loading=\"lazy\" decoding=\"async\" class=\"alignleft wp-image-1211\" src=\"https:\/\/www.campinglabedure.com\/wp-content\/uploads\/2019\/03\/SVR-logo-3-300x188.jpg\" alt=\"\" width=\"208\" height=\"130\" srcset=\"https:\/\/www.campinglabedure.com\/wp-content\/uploads\/2019\/03\/SVR-logo-3-300x188.jpg 300w, https:\/\/www.campinglabedure.com\/wp-content\/uploads\/2019\/03\/SVR-logo-3-768x481.jpg 768w, https:\/\/www.campinglabedure.com\/wp-content\/uploads\/2019\/03\/SVR-logo-3-1024x642.jpg 1024w, https:\/\/www.campinglabedure.com\/wp-content\/uploads\/2019\/03\/SVR-logo-3-720x451.jpg 720w, https:\/\/www.campinglabedure.com\/wp-content\/uploads\/2019\/03\/SVR-logo-3.jpg 1087w\" sizes=\"auto, (max-width: 208px) 100vw, 208px\" \/><\/p>\n<p><img loading=\"lazy\" decoding=\"async\" class=\"alignleft wp-image-1210\" src=\"https:\/\/www.campinglabedure.com\/wp-content\/uploads\/2019\/03\/ADAC-inspected-web-300x300.jpg\" alt=\"\" width=\"131\" height=\"130\" srcset=\"https:\/\/www.campinglabedure.com\/wp-content\/uploads\/2019\/03\/ADAC-inspected-web-300x300.jpg 300w, https:\/\/www.campinglabedure.com\/wp-content\/uploads\/2019\/03\/ADAC-inspected-web-150x150.jpg 150w, https:\/\/www.campinglabedure.com\/wp-content\/uploads\/2019\/03\/ADAC-inspected-web-100x100.jpg 100w, https:\/\/www.campinglabedure.com\/wp-content\/uploads\/2019\/03\/ADAC-inspected-web.jpg 471w\" sizes=\"auto, (max-width: 131px) 100vw, 131px\" \/><\/p>\n<p><img loading=\"lazy\" decoding=\"async\" class=\"alignleft wp-image-1562\" src=\"https:\/\/www.campinglabedure.com\/wp-content\/uploads\/2019\/12\/2019-GarantieCamping-logo-72dpi-rgb-400-o4vkn9b7op1srqbymkawlbtrpekn8ug82xtb0cxsr4-300x150.png\" alt=\"\" width=\"260\" height=\"130\" srcset=\"https:\/\/www.campinglabedure.com\/wp-content\/uploads\/2019\/12\/2019-GarantieCamping-logo-72dpi-rgb-400-o4vkn9b7op1srqbymkawlbtrpekn8ug82xtb0cxsr4-300x150.png 300w, https:\/\/www.campinglabedure.com\/wp-content\/uploads\/2019\/12\/2019-GarantieCamping-logo-72dpi-rgb-400-o4vkn9b7op1srqbymkawlbtrpekn8ug82xtb0cxsr4.png 400w\" sizes=\"auto, (max-width: 260px) 100vw, 260px\" \/><\/p>\n<p><img loading=\"lazy\" decoding=\"async\" class=\"alignleft wp-image-1490\" src=\"https:\/\/www.campinglabedure.com\/wp-content\/uploads\/2019\/06\/Logo-MCCard-Web.-png-300x53.png\" alt=\"\" width=\"254\" height=\"45\" srcset=\"https:\/\/www.campinglabedure.com\/wp-content\/uploads\/2019\/06\/Logo-MCCard-Web.-png-300x53.png 300w, https:\/\/www.campinglabedure.com\/wp-content\/uploads\/2019\/06\/Logo-MCCard-Web.-png.png 735w\" sizes=\"auto, (max-width: 254px) 100vw, 254px\" \/><\/p>\n<p>&nbsp;<\/p>\n<p>&nbsp;<\/p>\n<p>&nbsp;<\/p>\n<p>&nbsp;<\/p>\n<p>&nbsp;<\/p>\n<p>[\/vc_column_text][\/vc_column][\/vc_row][vc_row][vc_column][\/vc_column][\/vc_row][vc_row][vc_column][vc_column_text][\/vc_column_text][\/vc_column][\/vc_row]<\/p>","protected":false},"excerpt":{"rendered":"<p>[vc_row][vc_column][vc_column_text][\/vc_column_text][\/vc_column][\/vc_row][vc_row][vc_column][vc_raw_html]JTNDaWZyYW1lJTIwc3JjJTNEJTIyaHR0cHMlM0ElMkYlMkZib29raW5ncy5jYW1waW5nbGFiZWR1cmUuY29tJTJGJTNGbGFuZyUzRGZyJTIyJTIwd2lkdGglM0QlMjIxMDAlMjUlMjIlMjBoZWlnaHQlM0QlMjIxNDAwJTIyJTIwZnJhbWVib3JkZXIlM0QlMjIwJTIyJTIwc2Nyb2xsaW5nJTNEJTIyYXV0byUyMiUyMHN0eWxlJTNEJTIyd2lkdGglM0ExMDAlMjUlM0IlMjBtaW4taGVpZ2h0JTNBMTQwMHB4JTNCJTIwYm9yZGVyJTNBbm9uZSUzQiUyMGRpc3BsYXklM0FibG9jayUzQiUyMiUzRSUzQyUyRmlmcmFtZSUzRQ==[\/vc_raw_html][vc_column_text] Le camping est ouvert du 1 mai au 15 septembre 2026 Les tarifs par jour 2 personnes avec tente + voiture ou caravane + voiture ou camping-car Basse saison : 01\/05 &#8211; 04\/07 &amp; 31\/08 &#8211; 15\/09 \u20ac 16,50 Haute saison : 05\/07 &#8211; 30\/08 \u20ac 21,00 \u00c9lectricit\u00e9 6 amp\u00e8res \u20ac 3,50 Par personne [&hellip;]<\/p>\n","protected":false},"author":1,"featured_media":0,"parent":0,"menu_order":0,"comment_status":"closed","ping_status":"closed","template":"","meta":{"_exactmetrics_skip_tracking":false,"_exactmetrics_sitenote_active":false,"_exactmetrics_sitenote_note":"","_exactmetrics_sitenote_category":0,"footnotes":""},"class_list":["post-551","page","type-page","status-publish","hentry"],"_links":{"self":[{"href":"https:\/\/www.campinglabedure.com\/fr\/wp-json\/wp\/v2\/pages\/551","targetHints":{"allow":["GET"]}}],"collection":[{"href":"https:\/\/www.campinglabedure.com\/fr\/wp-json\/wp\/v2\/pages"}],"about":[{"href":"https:\/\/www.campinglabedure.com\/fr\/wp-json\/wp\/v2\/types\/page"}],"author":[{"embeddable":true,"href":"https:\/\/www.campinglabedure.com\/fr\/wp-json\/wp\/v2\/users\/1"}],"replies":[{"embeddable":true,"href":"https:\/\/www.campinglabedure.com\/fr\/wp-json\/wp\/v2\/comments?post=551"}],"version-history":[{"count":162,"href":"https:\/\/www.campinglabedure.com\/fr\/wp-json\/wp\/v2\/pages\/551\/revisions"}],"predecessor-version":[{"id":2154,"href":"https:\/\/www.campinglabedure.com\/fr\/wp-json\/wp\/v2\/pages\/551\/revisions\/2154"}],"wp:attachment":[{"href":"https:\/\/www.campinglabedure.com\/fr\/wp-json\/wp\/v2\/media?parent=551"}],"curies":[{"name":"wp","href":"https:\/\/api.w.org\/{rel}","templated":true}]}}