{"id":301,"date":"2016-03-29T09:31:49","date_gmt":"2016-03-29T09:31:49","guid":{"rendered":"http:\/\/campinglabedure.com\/?page_id=301"},"modified":"2022-07-26T15:08:46","modified_gmt":"2022-07-26T15:08:46","slug":"de-camping","status":"publish","type":"page","link":"https:\/\/www.campinglabedure.com\/fr\/le-camping\/","title":{"rendered":"Le camping"},"content":{"rendered":"<p>[vc_row full_width=\u00a0\u00bbstretch_row_content_no_spaces\u00a0\u00bb][vc_column][rev_slider_vc alias=\u00a0\u00bbhome-2&Prime;][\/vc_column][\/vc_row][vc_row][vc_column width=\u00a0\u00bb2\/3&Prime;]<div class=\"sc_section about_section margin_top_large margin_bottom_huge alignleft\"><div class=\"sc_section_inner\"><h2 class=\"sc_section_title sc_item_title sc_item_title_with_descr\">Le Camping<\/h2><div class=\"sc_section_descr sc_item_descr\">Au Camping La Bedure, vous pouvez vous d\u00e9tendre pendant quelques semaines avec votre tente, camping-car ou caravane. Pour les plus petits, il y a des jeux amusants, du tennis de table, des v\u00e9los et des karts. Pour les adultes et les familles, il y a de nombreuses possibilit\u00e9s de randonn\u00e9es p\u00e9destres et cyclistes dans les environs. Pour compl\u00e9ter la journ\u00e9e, vous pouvez commander des pizzas au feu de bois ou, les autres jours, des frites.<\/p>\n<p>Cliquez sur l'image pour voir plus de photos.<\/div><div class=\"sc_section_content_wrap\"><\/div><\/div><\/div>[\/vc_column][vc_column width=\u00a0\u00bb1\/3&Prime;]<div class=\"sc_section margin_top_large margin_bottom_large\"><div class=\"sc_section_inner\"><div class=\"sc_section_content_wrap\">[vc_images_carousel images=\u00a0\u00bb1945,772,773,774,769&Prime; img_size=\u00a0\u00bbfull\u00a0\u00bb hide_pagination_control=\u00a0\u00bbyes\u00a0\u00bb wrap=\u00a0\u00bbyes\u00a0\u00bb]<\/div><\/div><\/div>[\/vc_column][\/vc_row][vc_row][vc_column width=\u00a0\u00bb1\/3&Prime;][vc_column_text]<iframe loading=\"lazy\" style=\"border: 0;\" src=\"https:\/\/www.google.com\/maps\/embed?pb=!1m18!1m12!1m3!1d43700.69296758066!2d3.9578953537905863!3d46.79852789685781!2m3!1f0!2f0!3f0!3m2!1i1024!2i768!4f13.1!3m3!1m2!1s0x47f1805bb2ec97ff%3A0x2c42572ed2968847!2s58170+Luzy%2C+France!5e0!3m2!1sen!2snl!4v1551363634536\" width=\"600\" height=\"450\" frameborder=\"0\" allowfullscreen=\"allowfullscreen\"><\/iframe>[\/vc_column_text][\/vc_column][vc_column width=\u00a0\u00bb2\/3&Prime;]<div class=\"sc_section about_section margin_bottom_huge alignleft\"><div class=\"sc_section_inner\"><h6 class=\"sc_section_subtitle sc_item_subtitle\">Luzy & Autun<\/h6><h2 class=\"sc_section_title sc_item_title sc_item_title_with_descr\">La R\u00e9gion<\/h2><div class=\"sc_section_descr sc_item_descr\">Le camping est proche de la ville gauloise-romaine d'Autun avec beaucoup d'arch\u00e9ologie. Dans les environs imm\u00e9diats il y a des ch\u00e2teaux (\u00e0 visiter \u00e9galement). A moins d'une heure de route, il y a un grand choix de divertissements, m\u00eame pour les enfants: lacs pour la p\u00eache, la baignade, les parcs d'attractions, etc. Il y a une rivi\u00e8re pour faire du cano\u00eb. Au d\u00e9part du camping, il y a plusieurs itin\u00e9raires balis\u00e9s pour les randonn\u00e9es p\u00e9destres, cyclistes et VTT. Cherchez l'inspiration sur cette page : La R\u00e9gion. Si vous voulez en savoir plus sur la r\u00e9gion, n'h\u00e9sitez pas \u00e0 nous contacter.<\/div><div class=\"sc_section_content_wrap\"><\/div><\/div><\/div>[\/vc_column][\/vc_row][vc_row][vc_column width=\u00a0\u00bb2\/3&Prime;]<div class=\"sc_section about_section margin_top_large margin_bottom_huge alignleft\"><div class=\"sc_section_inner\"><h2 class=\"sc_section_title sc_item_title sc_item_title_with_descr\">Luzy<\/h2><div class=\"sc_section_descr sc_item_descr\">Le camping est rural, avec du b\u00e9tail et de l'agriculture, mais il est aussi bois\u00e9 et vallonn\u00e9. Le village de Luzy est \u00e0 5 minutes \u00e0 pied du camping et dispose d'un centre accueillant avec des magasins, des caf\u00e9s et de bons restaurants. De plus, il y a 2 supermarch\u00e9s \u00e0 Luzy : un Lidl et un grand Supermarch\u00e9 B1. Tous les vendredis matin, il y a un march\u00e9.<\/p>\n<p>Cliquez sur l'image pour voir plus de photos.<\/div><div class=\"sc_section_content_wrap\"><\/div><\/div><\/div>[\/vc_column][vc_column width=\u00a0\u00bb1\/3&Prime;]<div class=\"sc_section margin_top_large margin_bottom_large\"><div class=\"sc_section_inner\"><div class=\"sc_section_content_wrap\">[vc_images_carousel images=\u00a0\u00bb1342,1343,1344,1345,1346,1169&Prime; img_size=\u00a0\u00bbfull\u00a0\u00bb hide_pagination_control=\u00a0\u00bbyes\u00a0\u00bb wrap=\u00a0\u00bbyes\u00a0\u00bb]<\/div><\/div><\/div>[\/vc_column][\/vc_row][vc_row full_width=\u00a0\u00bbstretch_row\u00a0\u00bb inverse=\u00a0\u00bb\u00a0\u00bb css=\u00a0\u00bb.vc_custom_1459263735434{background-color: #f6f5f2 !important;}\u00a0\u00bb][vc_column width=\u00a0\u00bb3\/4&Prime;]<div class=\"sc_section margin_top_huge margin_bottom_huge\"><div class=\"sc_section_inner\"><h2 class=\"sc_section_title sc_item_title sc_item_title_with_descr\">La M\u00e9t\u00e9o<\/h2><div class=\"sc_section_descr sc_item_descr\">Le climat en Bourgogne est tr\u00e8s agr\u00e9able. La Bourgogne est l'une des plus anciennes r\u00e9gions de France. La r\u00e9gion est connue pour sa viticulture. En raison du bon climat avec de nombreuses heures d'ensoleillement, les raisins qui poussent en Bourgogne sont de grande qualit\u00e9. Pendant les mois d'\u00e9t\u00e9 (juin \u00e0 septembre), cette r\u00e9gion compte en moyenne 11 \u00e0 14 jours de pluie. Au printemps, la temp\u00e9rature diurne est d'environ 22 degr\u00e9s et en \u00e9t\u00e9, elle peut atteindre 30 \u00e0 35 degr\u00e9s. Un climat de vacances tout \u00e0 fait appropri\u00e9 !<\/p>\n<p>Le temps en Bourgogne n'est pas tout \u00e0 fait pr\u00e9visible. Le climat est continental : tr\u00e8s chaud en \u00e9t\u00e9 et tr\u00e8s froid en hiver. Les \u00e9t\u00e9s chauds en combinaison avec le paysage vallonn\u00e9 conduisent parfois \u00e0 des orages (inattendus). A partir du mois d'avril, les pr\u00e9cipitations sont g\u00e9n\u00e9ralement faibles. Quelques fois beaucoup en m\u00eame temps, apr\u00e8s cela, le temps est beau et ensoleill\u00e9.<\/div><div class=\"sc_section_content_wrap\"><\/div><\/div><\/div>[\/vc_column][vc_column width=\u00a0\u00bb1\/4&Prime;]<div class=\"sc_section ``weerplazaWidget`` margin_top_huge margin_bottom_huge\"><div class=\"sc_section_inner\"><h2 class=\"sc_section_title sc_item_title sc_item_title_without_descr\">Het weer<\/h2><div class=\"sc_section_content_wrap\">[vc_column_text]<iframe class=\"weerplazaWidget\" style=\"padding: 10px; width: 100% !important; max-width: 320px !important; height: 285px !important; border: 1px solid #f4f4f4 !important; box-sizing: border-box !important;\" src=\"https:\/\/www.weerplaza.nl\/weerwidgets\/verwachting\/13152\/\" frameborder=\"0\" scrolling=\"no\"><\/iframe>[\/vc_column_text]<\/div><\/div><\/div>[\/vc_column][\/vc_row]<\/p>","protected":false},"excerpt":{"rendered":"<p>[vc_row full_width=\u00a0\u00bbstretch_row_content_no_spaces\u00a0\u00bb][vc_column][rev_slider_vc alias=\u00a0\u00bbhome-2&Prime;][\/vc_column][\/vc_row][vc_row][vc_column width=\u00a0\u00bb2\/3&Prime;][\/vc_column][vc_column width=\u00a0\u00bb1\/3&Prime;][\/vc_column][\/vc_row][vc_row][vc_column width=\u00a0\u00bb1\/3&Prime;][vc_column_text][\/vc_column_text][\/vc_column][vc_column width=\u00a0\u00bb2\/3&Prime;][\/vc_column][\/vc_row][vc_row][vc_column width=\u00a0\u00bb2\/3&Prime;][\/vc_column][vc_column width=\u00a0\u00bb1\/3&Prime;][\/vc_column][\/vc_row][vc_row full_width=\u00a0\u00bbstretch_row\u00a0\u00bb inverse=\u00a0\u00bb\u00a0\u00bb css=\u00a0\u00bb.vc_custom_1459263735434{background-color: #f6f5f2 !important;}\u00a0\u00bb][vc_column width=\u00a0\u00bb3\/4&Prime;][\/vc_column][vc_column width=\u00a0\u00bb1\/4&Prime;][\/vc_column][\/vc_row]<\/p>\n","protected":false},"author":1,"featured_media":0,"parent":0,"menu_order":0,"comment_status":"closed","ping_status":"closed","template":"","meta":{"_exactmetrics_skip_tracking":false,"_exactmetrics_sitenote_active":false,"_exactmetrics_sitenote_note":"","_exactmetrics_sitenote_category":0,"footnotes":""},"class_list":["post-301","page","type-page","status-publish","hentry"],"_links":{"self":[{"href":"https:\/\/www.campinglabedure.com\/fr\/wp-json\/wp\/v2\/pages\/301","targetHints":{"allow":["GET"]}}],"collection":[{"href":"https:\/\/www.campinglabedure.com\/fr\/wp-json\/wp\/v2\/pages"}],"about":[{"href":"https:\/\/www.campinglabedure.com\/fr\/wp-json\/wp\/v2\/types\/page"}],"author":[{"embeddable":true,"href":"https:\/\/www.campinglabedure.com\/fr\/wp-json\/wp\/v2\/users\/1"}],"replies":[{"embeddable":true,"href":"https:\/\/www.campinglabedure.com\/fr\/wp-json\/wp\/v2\/comments?post=301"}],"version-history":[{"count":45,"href":"https:\/\/www.campinglabedure.com\/fr\/wp-json\/wp\/v2\/pages\/301\/revisions"}],"predecessor-version":[{"id":1995,"href":"https:\/\/www.campinglabedure.com\/fr\/wp-json\/wp\/v2\/pages\/301\/revisions\/1995"}],"wp:attachment":[{"href":"https:\/\/www.campinglabedure.com\/fr\/wp-json\/wp\/v2\/media?parent=301"}],"curies":[{"name":"wp","href":"https:\/\/api.w.org\/{rel}","templated":true}]}}