{"id":142,"date":"2016-03-28T14:43:29","date_gmt":"2016-03-28T14:43:29","guid":{"rendered":"http:\/\/campinglabedure.com\/?page_id=142"},"modified":"2024-08-11T16:52:40","modified_gmt":"2024-08-11T16:52:40","slug":"activiteiten","status":"publish","type":"page","link":"https:\/\/www.campinglabedure.com\/fr\/activites\/","title":{"rendered":"Activit\u00e9s"},"content":{"rendered":"<p>[vc_row css=\u00a0\u00bb.vc_custom_1457535236804{margin-top: 6.9rem !important;background-color: #ffffff !important;}\u00a0\u00bb][vc_column width=\u00a0\u00bb2\/3&Prime;]<div class=\"sc_section\"><div class=\"sc_section_inner\"><h2 class=\"sc_section_title sc_item_title sc_item_title_without_descr\">Activit\u00e9s<\/h2><div class=\"sc_section_content_wrap\"><div class=\"columns_wrap sc_columns columns_nofluid sc_columns_count_1 margin_top_small\"><div class=\"column-1_1 sc_column_item sc_column_item_1 odd first\">[vc_column_text]Sur et autour du camping, il y a diverses activit\u00e9s, organis\u00e9es ou \u00e0 faire soi-m\u00eame. Si vous aimez \u00eatre sportif, alors le camping La Bedure est l&rsquo;endroit id\u00e9al. \u00c0 la r\u00e9ception, vous pouvez emprunter des cartes pour les promenades, le VTT et le v\u00e9lo. Vous pouvez \u00e9galement faire une course aussi longtemps que vous le souhaitez. Nous sommes heureux de vous donner des conseils et des astuces. De temps en temps, nous organisons une marche ensemble. On peut \u00e9galement y trouver diff\u00e9rents itin\u00e9raires: <a href=\"https:\/\/www.alltrails.com\/?referrer=gpsies\" target=\"_blank\" rel=\"noopener noreferrer\">Alltrails.com<\/a> (terme de recherche: Luzy).<\/p>\n<p>Pour les campeurs qui aiment rester sur le camping, nous organisons aussi de temps en temps des activit\u00e9s amusantes. Regardez ci-dessous pour vous faire une id\u00e9e des activit\u00e9s.[\/vc_column_text]<\/div><\/div><\/div><\/div><\/div>[\/vc_column][vc_column width=\u00a0\u00bb1\/3&Prime;]<h6 class=\"sc_title sc_title_iconed\" style=\"font-size:0.938em;\"><span class=\"sc_title_icon sc_title_icon_left  sc_title_icon_small icon-ok-circled\"><\/span>Randonn\u00e9es et courses<\/h6><h6 class=\"sc_title sc_title_iconed\" style=\"font-size:0.938em;\"><span class=\"sc_title_icon sc_title_icon_left  sc_title_icon_small icon-ok-circled\"><\/span>Cyclisme et VTT<\/h6><h6 class=\"sc_title sc_title_iconed\" style=\"font-size:0.938em;\"><span class=\"sc_title_icon sc_title_icon_left  sc_title_icon_small icon-ok-circled\"><\/span>Nager<\/h6><h6 class=\"sc_title sc_title_iconed\" style=\"font-size:0.938em;\"><span class=\"sc_title_icon sc_title_icon_left  sc_title_icon_small icon-ok-circled\"><\/span>Aire de jeux<\/h6><h6 class=\"sc_title sc_title_iconed\" style=\"font-size:0.938em;\"><span class=\"sc_title_icon sc_title_icon_left  sc_title_icon_small icon-ok-circled\"><\/span>Go\u00fbter les produits locaux<\/h6><h6 class=\"sc_title sc_title_iconed\" style=\"font-size:0.938em;\"><span class=\"sc_title_icon sc_title_icon_left  sc_title_icon_small icon-ok-circled\"><\/span>Feu de camp<\/h6>[\/vc_column][\/vc_row][vc_row full_width=\u00a0\u00bbstretch_row\u00a0\u00bb equal_height=\u00a0\u00bbyes\u00a0\u00bb inverse=\u00a0\u00bb\u00a0\u00bb css=\u00a0\u00bb.vc_custom_1551885437055{margin-top: 15px !important;padding-top: 10px !important;padding-bottom: 10px !important;background-color: #ffffff !important;}\u00a0\u00bb][vc_column width=\u00a0\u00bb1\/3&Prime;][vc_row_inner equal_height=\u00a0\u00bbyes\u00a0\u00bb][vc_column_inner][vc_single_image image=\u00a0\u00bb943&Prime; img_size=\u00a0\u00bbfull\u00a0\u00bb][vc_column_text css=\u00a0\u00bb.vc_custom_1686923257544{padding-top: 15px !important;padding-right: 15px !important;padding-bottom: 15px !important;padding-left: 15px !important;background-color: #9ac82b !important;}\u00a0\u00bb]<\/p>\n<h5><strong>Piscine<\/strong><\/h5>\n<p>Vous pourrez vous baigner gratuitement tous les jours (juillet et ao\u00fbt) dans la piscine publique chauff\u00e9e \u00e0 c\u00f4t\u00e9 de notre camping. La piscine se compose d&rsquo;une pataugeoire, d&rsquo;une pataugeoire et d&rsquo;un bassin de 25 m\u00e8tres (de profondeur). Des sauveteurs sont pr\u00e9sents dans la piscine pour la surveillance. Les hommes et les gar\u00e7ons sont tenus de porter des maillots de bain.<\/p>\n<div class=\"flex flex-grow flex-col gap-3\">\n<div class=\"min-h-[20px] flex flex-col items-start gap-4 whitespace-pre-wrap break-words\">\n<div class=\"markdown prose w-full break-words dark:prose-invert light\">\n<p>En juin 2023, la piscine est ouverte le mercredi de 15h00 \u00e0 19h00. Le week-end, elle est ouverte le samedi et le dimanche de 11h00 \u00e0 19h00.<\/p>\n<\/div>\n<\/div>\n<\/div>\n<p>[\/vc_column_text][\/vc_column_inner][\/vc_row_inner][\/vc_column][vc_column width=\u00a0\u00bb1\/3&Prime;][vc_row_inner equal_height=\u00a0\u00bbyes\u00a0\u00bb][vc_column_inner][vc_single_image image=\u00a0\u00bb904&Prime; img_size=\u00a0\u00bbfull\u00a0\u00bb][vc_column_text css=\u00a0\u00bb.vc_custom_1607521628460{padding-top: 15px !important;padding-right: 15px !important;padding-bottom: 15px !important;padding-left: 15px !important;background-color: #9ac82b !important;}\u00a0\u00bb]<\/p>\n<h5><strong>Randonn\u00e9e<\/strong><\/h5>\n<p>En d\u00e9but et en fin de saison, nous organisons des promenades en groupe pour ceux qui sont int\u00e9ress\u00e9s. La participation est une \u00e9vidence, sans aucune obligation. Vous voulez sortir seul ? Bien s\u00fbr, cela est \u00e9galement possible. Prenez ensuite avec vous l&rsquo;un des magnifiques sentiers de randonn\u00e9e, pr\u00eat\u00e9s \u00e0 la r\u00e9ception.[\/vc_column_text][\/vc_column_inner][\/vc_row_inner][\/vc_column][vc_column width=\u00a0\u00bb1\/3&Prime;][vc_row_inner equal_height=\u00a0\u00bbyes\u00a0\u00bb][vc_column_inner][vc_single_image image=\u00a0\u00bb903&Prime; img_size=\u00a0\u00bbfull\u00a0\u00bb][vc_column_text css=\u00a0\u00bb.vc_custom_1607521740226{padding-top: 15px !important;padding-right: 15px !important;padding-bottom: 15px !important;padding-left: 15px !important;background-color: #9ac82b !important;}\u00a0\u00bb]<\/p>\n<h5><strong>Cyclisme et VTT<\/strong><\/h5>\n<p>Si vous \u00eates un vrai amateur de v\u00e9lo, vous pouvez vous faire plaisir dans notre quartier. A partir du camping, il y a plusieurs itin\u00e9raires, mais aussi un peu plus loin, vous pouvez trouver de belles routes dans les montagnes et \u00e0 travers les for\u00eats. Des parcours avec des distances diff\u00e9rentes, pour les d\u00e9butants et les cyclistes avanc\u00e9s.[\/vc_column_text][\/vc_column_inner][\/vc_row_inner][\/vc_column][\/vc_row][vc_row full_width=\u00a0\u00bbstretch_row\u00a0\u00bb equal_height=\u00a0\u00bbyes\u00a0\u00bb inverse=\u00a0\u00bb\u00a0\u00bb css=\u00a0\u00bb.vc_custom_1551885449270{margin-top: 15px !important;padding-top: 10px !important;padding-bottom: 10px !important;background-color: #ffffff !important;}\u00a0\u00bb][vc_column width=\u00a0\u00bb1\/3&Prime;][vc_row_inner][vc_column_inner][vc_single_image image=\u00a0\u00bb905&Prime; img_size=\u00a0\u00bbfull\u00a0\u00bb][vc_column_text css=\u00a0\u00bb.vc_custom_1607521787576{padding-top: 15px !important;padding-right: 15px !important;padding-bottom: 15px !important;padding-left: 15px !important;background-color: #159ceb !important;}\u00a0\u00bb]<\/p>\n<h5><strong>Jogging<\/strong><\/h5>\n<p>Beaucoup de nos h\u00f4tes appr\u00e9cient une belle course, surtout le matin ou le soir. Vous marchez dans le camping et vous \u00eates en plein milieu du magnifique paysage local. Il y a plusieurs tours \u00e0 faire. Demandez \u00e0 la r\u00e9ception des itin\u00e9raires beaux et adapt\u00e9s.[\/vc_column_text][\/vc_column_inner][\/vc_row_inner][\/vc_column][vc_column width=\u00a0\u00bb1\/3&Prime;][vc_row_inner][vc_column_inner][vc_single_image image=\u00a0\u00bb901&Prime; img_size=\u00a0\u00bbfull\u00a0\u00bb][vc_column_text css=\u00a0\u00bb.vc_custom_1607521854587{padding-top: 15px !important;padding-right: 15px !important;padding-bottom: 15px !important;padding-left: 15px !important;background-color: #159ceb !important;}\u00a0\u00bb]<\/p>\n<h5><strong>Football<\/strong><\/h5>\n<p>Juste \u00e0 c\u00f4t\u00e9 du camping, il y a une aire de jeux o\u00f9 les enfants (et les parents) peuvent faire du sport. Vous pouvez taper dans un ballon, il y a 2 buts. Chaque ann\u00e9e, les clients du camping organisent leurs propres concours. Les parents et les enfants peuvent faire de l&rsquo;exercice ici ![\/vc_column_text][\/vc_column_inner][\/vc_row_inner][\/vc_column][vc_column width=\u00a0\u00bb1\/3&Prime;][vc_row_inner][vc_column_inner][vc_single_image image=\u00a0\u00bb1147&Prime; img_size=\u00a0\u00bbfull\u00a0\u00bb][vc_column_text css=\u00a0\u00bb.vc_custom_1607521885181{padding-top: 15px !important;padding-right: 15px !important;padding-bottom: 15px !important;padding-left: 15px !important;background-color: #159ceb !important;}\u00a0\u00bb]<\/p>\n<h5><strong>Le\u00e7on de natation<\/strong><\/h5>\n<p>En d\u00e9but et en fin de saison, des cours de natation sont donn\u00e9s par un professeur de fran\u00e7ais. En 1 \u00e0 2 semaines, les enfants apprennent \u00e0 nager. L&rsquo;\u00e2ge minimum est de 6 ans. Les enfants ont 10 le\u00e7ons du mardi au dimanche. Une ou deux fois par jour. Vous trouverez plus d&rsquo;informations sur notre page d&rsquo;actualit\u00e9s.[\/vc_column_text][\/vc_column_inner][\/vc_row_inner][\/vc_column][\/vc_row][vc_row full_width=\u00a0\u00bbstretch_row\u00a0\u00bb equal_height=\u00a0\u00bbyes\u00a0\u00bb inverse=\u00a0\u00bb\u00a0\u00bb css=\u00a0\u00bb.vc_custom_1551885437055{margin-top: 15px !important;padding-top: 10px !important;padding-bottom: 10px !important;background-color: #ffffff !important;}\u00a0\u00bb][vc_column width=\u00a0\u00bb1\/3&Prime;][vc_row_inner equal_height=\u00a0\u00bbyes\u00a0\u00bb][vc_column_inner][vc_single_image image=\u00a0\u00bb1698&Prime; img_size=\u00a0\u00bbfull\u00a0\u00bb][vc_column_text css=\u00a0\u00bb.vc_custom_1607521922199{padding-top: 15px !important;padding-right: 15px !important;padding-bottom: 15px !important;padding-left: 15px !important;background-color: #8222a3 !important;}\u00a0\u00bb]<\/p>\n<h5><strong>Louer un v\u00e9lo \u00e9lectrique<br \/>\n<\/strong><\/h5>\n<p>D\u00e9couvrez Luzy et ses environs en v\u00e9lo \u00e9lectrique. Pour toute information, veuillez contacter la mairie de Luzy au 03 86 30 02 34. Demi-journ\u00e9e : \u20ac 15,00 : de 9.00 \u00e0 12.00 ou de 14.00 \u00e0 17.00. Journ\u00e9e compl\u00e8te : 19,00 \u20ac : de 9h00 \u00e0 17h00 le soir. Week-end : 40,00 \u20ac : du vendredi au lundi matin 9h00.[\/vc_column_text][\/vc_column_inner][\/vc_row_inner][\/vc_column][vc_column width=\u00a0\u00bb1\/3&Prime;][vc_row_inner equal_height=\u00a0\u00bbyes\u00a0\u00bb][vc_column_inner][vc_single_image image=\u00a0\u00bb1703&Prime; img_size=\u00a0\u00bb1000&#215;601&Prime;][vc_column_text css=\u00a0\u00bb.vc_custom_1607521939452{padding-top: 15px !important;padding-right: 15px !important;padding-bottom: 15px !important;padding-left: 15px !important;background-color: #8222a3 !important;}\u00a0\u00bb]<\/p>\n<h5><strong>Jeu de boules<\/strong><\/h5>\n<p>A l&rsquo;entr\u00e9e du camping, il y a une piste de bowling (\u00e9clair\u00e9e). Amusant pour les jeunes et les moins jeunes.[\/vc_column_text][\/vc_column_inner][\/vc_row_inner][\/vc_column][vc_column width=\u00a0\u00bb1\/3&Prime;][vc_row_inner equal_height=\u00a0\u00bbyes\u00a0\u00bb][vc_column_inner][vc_single_image image=\u00a0\u00bb1705&Prime; img_size=\u00a0\u00bbfull\u00a0\u00bb][vc_column_text css=\u00a0\u00bb.vc_custom_1607521984740{padding-top: 15px !important;padding-right: 15px !important;padding-bottom: 15px !important;padding-left: 15px !important;background-color: #8222a3 !important;}\u00a0\u00bb]<\/p>\n<h5><strong>Volley-ball<\/strong><\/h5>\n<p>Au bord de la piscine se trouve un terrain de volley-ball, o\u00f9 vous pouvez jouer \u00e0 un jeu en petits groupes pendant les heures d&rsquo;ouverture de la piscine.[\/vc_column_text][\/vc_column_inner][\/vc_row_inner][\/vc_column][\/vc_row][vc_row full_width=\u00a0\u00bbstretch_row\u00a0\u00bb equal_height=\u00a0\u00bbyes\u00a0\u00bb inverse=\u00a0\u00bb\u00a0\u00bb css=\u00a0\u00bb.vc_custom_1551885459975{margin-top: 15px !important;padding-top: 10px !important;padding-bottom: 10px !important;background-color: #ffffff !important;}\u00a0\u00bb][vc_column width=\u00a0\u00bb1\/3&Prime;][vc_row_inner][vc_column_inner][vc_single_image image=\u00a0\u00bb900&Prime; img_size=\u00a0\u00bbfull\u00a0\u00bb][vc_column_text css=\u00a0\u00bb.vc_custom_1607522036144{padding-top: 15px !important;padding-right: 15px !important;padding-bottom: 15px !important;padding-left: 15px !important;background-color: #e5001c !important;}\u00a0\u00bb]<\/p>\n<h5><strong>P\u00eache<\/strong><\/h5>\n<p>La p\u00eache est-elle votre hobby? Dans les environs du camping, il y a plusieurs lacs o\u00f9 vous pouvez p\u00eacher (et nager). Si vous souhaitez en savoir plus sur les lieux et les possibilit\u00e9s, veuillez vous adresser \u00e0 la r\u00e9ception.[\/vc_column_text][\/vc_column_inner][\/vc_row_inner][\/vc_column][vc_column width=\u00a0\u00bb1\/3&Prime;][vc_row_inner][vc_column_inner][vc_single_image image=\u00a0\u00bb909&Prime; img_size=\u00a0\u00bbfull\u00a0\u00bb][vc_column_text css=\u00a0\u00bb.vc_custom_1607522069000{padding-top: 15px !important;padding-right: 15px !important;padding-bottom: 15px !important;padding-left: 15px !important;background-color: #e5001c !important;}\u00a0\u00bb]<\/p>\n<h5><strong>Cano\u00eb<\/strong><\/h5>\n<p>Trois heures de cano\u00eb sur l&rsquo;Arroux, 11 kilom\u00e8tres en aval dans une zone de silence \u00e0 couper le souffle. \u00c0 partir du mois de mai, le fleuve est facile \u00e0 naviguer pour les jeunes et les moins jeunes.\u00a0 \u00c0 la fin du voyage, le propri\u00e9taire des cano\u00ebs viendra vous chercher. Int\u00e9ress\u00e9? Rendez-vous \u00e0 la r\u00e9ception pour conna\u00eetre les possibilit\u00e9s.[\/vc_column_text][\/vc_column_inner][\/vc_row_inner][\/vc_column][vc_column width=\u00a0\u00bb1\/3&Prime;][vc_row_inner][vc_column_inner][vc_single_image image=\u00a0\u00bb912&Prime; img_size=\u00a0\u00bbfull\u00a0\u00bb][vc_column_text css=\u00a0\u00bb.vc_custom_1607522100042{padding-top: 15px !important;padding-right: 15px !important;padding-bottom: 15px !important;padding-left: 15px !important;background-color: #e5001c !important;}\u00a0\u00bb]<\/p>\n<h5><strong>Feu de camp<\/strong><\/h5>\n<p>Si le temps est favorable et qu&rsquo;il y a suffisamment d&rsquo;enthousiasme, le feu de camp sera allum\u00e9 dans un coin du camping. Accompagn\u00e9s d&rsquo;adultes, les enfants peuvent y d\u00e9guster des sandwiches chauds et des guimauves. Nous prenons en compte le sommeil de nos h\u00f4tes, le feu s&rsquo;\u00e9teint \u00e0 temps.[\/vc_column_text][\/vc_column_inner][\/vc_row_inner][\/vc_column][\/vc_row][vc_row full_width=\u00a0\u00bbstretch_row\u00a0\u00bb equal_height=\u00a0\u00bbyes\u00a0\u00bb inverse=\u00a0\u00bb\u00a0\u00bb css=\u00a0\u00bb.vc_custom_1551885474304{margin-top: 15px !important;padding-top: 10px !important;padding-bottom: 10px !important;background-color: #ffffff !important;}\u00a0\u00bb][vc_column width=\u00a0\u00bb1\/3&Prime;][vc_row_inner][vc_column_inner][vc_single_image image=\u00a0\u00bb911&Prime; img_size=\u00a0\u00bbfull\u00a0\u00bb][vc_column_text css=\u00a0\u00bb.vc_custom_1607522129339{padding-top: 15px !important;padding-right: 15px !important;padding-bottom: 15px !important;padding-left: 15px !important;background-color: #fc7009 !important;}\u00a0\u00bb]<\/p>\n<h5><strong>Cerf-volant<\/strong><\/h5>\n<p>\u00c0 c\u00f4t\u00e9 du camping se trouve un tr\u00e8s grand terrain o\u00f9 vous pouvez parfaitement laisser votre cerf-volant. Chaque ann\u00e9e, les plus beaux cerfs-volants prennent l&rsquo;air ici. De plus, de ce terrain, vous avez une belle vue sur le camping.[\/vc_column_text][\/vc_column_inner][\/vc_row_inner][\/vc_column][vc_column width=\u00a0\u00bb1\/3&Prime;][vc_row_inner][vc_column_inner][vc_single_image image=\u00a0\u00bb910&Prime; img_size=\u00a0\u00bbfull\u00a0\u00bb][vc_column_text css=\u00a0\u00bb.vc_custom_1607522158998{padding-top: 15px !important;padding-right: 15px !important;padding-bottom: 15px !important;padding-left: 15px !important;background-color: #fc7009 !important;}\u00a0\u00bb]<\/p>\n<h5><strong>Soir\u00e9e de d\u00e9gustation de vin<\/strong><\/h5>\n<p>Tant que vous \u00eates en Bourgogne, il est bien s\u00fbr agr\u00e9able d&rsquo;avoir go\u00fbt\u00e9 les vins locaux. C&rsquo;est pourquoi nous organisons de temps en temps une soir\u00e9e de d\u00e9gustation de vin sur le camping. Etre ensemble et d\u00e9guster et juger les vins locaux.[\/vc_column_text][\/vc_column_inner][\/vc_row_inner][\/vc_column][vc_column width=\u00a0\u00bb1\/3&Prime;][vc_row_inner][vc_column_inner][vc_single_image image=\u00a0\u00bb951&Prime; img_size=\u00a0\u00bbfull\u00a0\u00bb][vc_column_text css=\u00a0\u00bb.vc_custom_1607522195148{padding-top: 15px !important;padding-right: 15px !important;padding-bottom: 15px !important;padding-left: 15px !important;background-color: #fc7009 !important;}\u00a0\u00bb]<\/p>\n<h5><strong>Tennis de table<\/strong><\/h5>\n<p>Une table de ping-pong est disponible sur le camping. Si vous voulez organiser un match, ce n&rsquo;est pas un probl\u00e8me. Du plaisir pour se d\u00e9tendre![\/vc_column_text][\/vc_column_inner][\/vc_row_inner][\/vc_column][\/vc_row][vc_row full_width=\u00a0\u00bbstretch_row\u00a0\u00bb inverse=\u00a0\u00bb\u00a0\u00bb el_class=\u00a0\u00bbaccent1_bgc\u00a0\u00bb][vc_column]<div id=\"sc_call_to_action_611609863\" class=\"sc_call_to_action sc_call_to_action_accented sc_call_to_action_style_2 sc_call_to_action_align_left\" style=\"width:100%;\"><div class=\"columns_wrap\"><div class=\"sc_call_to_action_info column-3_4\"><h2 class=\"sc_call_to_action_title sc_item_title sc_item_title_without_descr\">Reserveer nu!<\/h2><\/div><div class=\"sc_call_to_action_buttons sc_item_buttons column-1_4\"><div class=\"sc_call_to_action_button sc_item_button\"><a href=\"http:\/\/campinglabedure.com\/tarieven-reserveren\/\" class=\"sc_button sc_button_square sc_button_style_filled sc_button_size_small  sc_button_iconed icon-right\">Tarieven en reserveren<\/a><\/div><\/div><\/div><\/div>[\/vc_column][\/vc_row]<\/p>","protected":false},"excerpt":{"rendered":"<p>[vc_row css=\u00a0\u00bb.vc_custom_1457535236804{margin-top: 6.9rem !important;background-color: #ffffff !important;}\u00a0\u00bb][vc_column width=\u00a0\u00bb2\/3&Prime;][\/vc_column][vc_column width=\u00a0\u00bb1\/3&Prime;][\/vc_column][\/vc_row][vc_row full_width=\u00a0\u00bbstretch_row\u00a0\u00bb equal_height=\u00a0\u00bbyes\u00a0\u00bb inverse=\u00a0\u00bb\u00a0\u00bb css=\u00a0\u00bb.vc_custom_1551885437055{margin-top: 15px !important;padding-top: 10px !important;padding-bottom: 10px !important;background-color: #ffffff !important;}\u00a0\u00bb][vc_column width=\u00a0\u00bb1\/3&Prime;][vc_row_inner equal_height=\u00a0\u00bbyes\u00a0\u00bb][vc_column_inner][vc_single_image image=\u00a0\u00bb943&Prime; img_size=\u00a0\u00bbfull\u00a0\u00bb][vc_column_text css=\u00a0\u00bb.vc_custom_1686923257544{padding-top: 15px !important;padding-right: 15px !important;padding-bottom: 15px !important;padding-left: 15px !important;background-color: #9ac82b !important;}\u00a0\u00bb] Piscine Vous pourrez vous baigner gratuitement tous les jours (juillet et ao\u00fbt) dans la piscine publique chauff\u00e9e \u00e0 c\u00f4t\u00e9 de [&hellip;]<\/p>\n","protected":false},"author":1,"featured_media":0,"parent":0,"menu_order":0,"comment_status":"closed","ping_status":"closed","template":"","meta":{"_exactmetrics_skip_tracking":false,"_exactmetrics_sitenote_active":false,"_exactmetrics_sitenote_note":"","_exactmetrics_sitenote_category":0,"footnotes":""},"class_list":["post-142","page","type-page","status-publish","hentry"],"_links":{"self":[{"href":"https:\/\/www.campinglabedure.com\/fr\/wp-json\/wp\/v2\/pages\/142","targetHints":{"allow":["GET"]}}],"collection":[{"href":"https:\/\/www.campinglabedure.com\/fr\/wp-json\/wp\/v2\/pages"}],"about":[{"href":"https:\/\/www.campinglabedure.com\/fr\/wp-json\/wp\/v2\/types\/page"}],"author":[{"embeddable":true,"href":"https:\/\/www.campinglabedure.com\/fr\/wp-json\/wp\/v2\/users\/1"}],"replies":[{"embeddable":true,"href":"https:\/\/www.campinglabedure.com\/fr\/wp-json\/wp\/v2\/comments?post=142"}],"version-history":[{"count":94,"href":"https:\/\/www.campinglabedure.com\/fr\/wp-json\/wp\/v2\/pages\/142\/revisions"}],"predecessor-version":[{"id":2113,"href":"https:\/\/www.campinglabedure.com\/fr\/wp-json\/wp\/v2\/pages\/142\/revisions\/2113"}],"wp:attachment":[{"href":"https:\/\/www.campinglabedure.com\/fr\/wp-json\/wp\/v2\/media?parent=142"}],"curies":[{"name":"wp","href":"https:\/\/api.w.org\/{rel}","templated":true}]}}