{"id":865,"date":"2019-02-28T14:29:37","date_gmt":"2019-02-28T14:29:37","guid":{"rendered":"http:\/\/campinglabedure.com\/?page_id=865"},"modified":"2024-08-11T16:42:56","modified_gmt":"2024-08-11T16:42:56","slug":"faciliteiten","status":"publish","type":"page","link":"https:\/\/www.campinglabedure.com\/de\/service\/","title":{"rendered":"Service"},"content":{"rendered":"<p>[vc_row css=&#8220;.vc_custom_1457535236804{margin-top: 6.9rem !important;background-color: #ffffff !important;}&#8220;][vc_column width=&#8220;2\/3&#8243;]<div class=\"sc_section\"><div class=\"sc_section_inner\"><h2 class=\"sc_section_title sc_item_title sc_item_title_without_descr\">Service<\/h2><div class=\"sc_section_content_wrap\"><div class=\"columns_wrap sc_columns columns_nofluid sc_columns_count_1 margin_top_small\"><div class=\"column-1_1 sc_column_item sc_column_item_1 odd first\">[vc_column_text]Camping La Bedure befindet sich in Burgund, im S\u00fcden des Naturparks Morvan. Der Campingplatz liegt auf dem Land mit Viehzucht und Landwirtschaft, ist aber auch bewaldet und h\u00fcgelig. Auf unserem Campingplatz k\u00f6nnen Sie sich entspannen oder Ruhe und Erholung mit Aktivit\u00e4ten verbinden. Neben dem Campingplatz befindet sich ein wundersch\u00f6ner gro\u00dfer, kostenlos beheizter Swimmingpool und Spielpl\u00e4tze. Auf dem Campingplatz gibt es einen Kinderspielplatz mit Kletterausr\u00fcstung, einen Tischtennistisch, Fahrr\u00e4der und Gokarts. Hunde sind ebenfalls willkommen, sofern sie an der Leine gef\u00fchrt werden. Sie m\u00fcssen vor dem Campingplatz begangen werden.<\/p>\n<p><img loading=\"lazy\" decoding=\"async\" class=\"alignleft wp-image-959\" src=\"http:\/\/campinglabedure.com\/wp-content\/uploads\/2019\/03\/Wifi-La-Bedure-300x200.jpg\" alt=\"\" width=\"100\" height=\"67\" srcset=\"https:\/\/www.campinglabedure.com\/wp-content\/uploads\/2019\/03\/Wifi-La-Bedure-300x200.jpg 300w, https:\/\/www.campinglabedure.com\/wp-content\/uploads\/2019\/03\/Wifi-La-Bedure-768x512.jpg 768w, https:\/\/www.campinglabedure.com\/wp-content\/uploads\/2019\/03\/Wifi-La-Bedure-720x480.jpg 720w, https:\/\/www.campinglabedure.com\/wp-content\/uploads\/2019\/03\/Wifi-La-Bedure.jpg 800w\" sizes=\"auto, (max-width: 100px) 100vw, 100px\" \/>Auf dem Campingplatz gibt es kostenloses Wi-Fi![\/vc_column_text]<\/div><\/div><\/div><\/div><\/div>[\/vc_column][vc_column width=&#8220;1\/3&#8243;]<h6 class=\"sc_title sc_title_iconed\" style=\"font-size:0.938em;\"><span class=\"sc_title_icon sc_title_icon_left  sc_title_icon_small icon-ok-circled\"><\/span>Kostenloses Wifi<\/h6><h6 class=\"sc_title sc_title_iconed\" style=\"font-size:0.938em;\"><span class=\"sc_title_icon sc_title_icon_left  sc_title_icon_small icon-ok-circled\"><\/span>Zwei Toilettenbl\u00f6cke<\/h6><h6 class=\"sc_title sc_title_iconed\" style=\"font-size:0.938em;\"><span class=\"sc_title_icon sc_title_icon_left  sc_title_icon_small icon-ok-circled\"><\/span>Kostenloses Warmwasser<\/h6><h6 class=\"sc_title sc_title_iconed\" style=\"font-size:0.938em;\"><span class=\"sc_title_icon sc_title_icon_left  sc_title_icon_small icon-ok-circled\"><\/span>Kostenloses beheiztes Schwimmbad<\/h6><h6 class=\"sc_title sc_title_iconed\" style=\"font-size:0.938em;\"><span class=\"sc_title_icon sc_title_icon_left  sc_title_icon_small icon-ok-circled\"><\/span>Spielplatz und Kinderfahrr\u00e4der<\/h6><h6 class=\"sc_title sc_title_iconed\" style=\"font-size:0.938em;\"><span class=\"sc_title_icon sc_title_icon_left  sc_title_icon_small icon-ok-circled\"><\/span>Supermarkt in der N\u00e4he<\/h6><h6 class=\"sc_title sc_title_iconed\" style=\"font-size:0.938em;\"><span class=\"sc_title_icon sc_title_icon_left  sc_title_icon_small icon-ok-circled\"><\/span>Pizzas und Snacks<\/h6>[\/vc_column][\/vc_row][vc_row full_width=&#8220;stretch_row&#8220; inverse=&#8220;&#8220; css=&#8220;.vc_custom_1551365086427{margin-top: 15px !important;padding-top: 10px !important;padding-bottom: 10px !important;background-color: #ffffff !important;}&#8220;][vc_column width=&#8220;1\/3&#8243;][vc_row_inner][vc_column_inner][vc_single_image image=&#8220;770&#8243; img_size=&#8220;full&#8220;][vc_column_text css=&#8220;.vc_custom_1686923950902{padding-top: 15px !important;padding-right: 15px !important;padding-bottom: 15px !important;padding-left: 15px !important;background-color: #9ac82b !important;}&#8220;]<\/p>\n<h5><strong>Das Schwimmbad<br \/>\n<\/strong><\/h5>\n<p>Das beheizte Schwimmbad ist f\u00fcr Campingg\u00e4ste kostenlos. Es gibt ein babybecken, ein Planschbecken und ein tiefes Becken (25 Meter). M\u00e4nner und Jungen m\u00fcssen einen Badeschl\u00fcpfer tragen. Boxershorts oder andere Typen sind verboten. Am Pool kann man Volleyball spielen. Der Pool ist von 8\/7 bis 28\/8 Uhr von 11 bis 19 Uhr ge\u00f6ffnet.[\/vc_column_text][\/vc_column_inner][\/vc_row_inner][\/vc_column][vc_column width=&#8220;1\/3&#8243;][vc_row_inner][vc_column_inner][vc_single_image image=&#8220;915&#8243; img_size=&#8220;full&#8220;][vc_column_text css=&#8220;.vc_custom_1555425283452{padding-top: 15px !important;padding-right: 15px !important;padding-bottom: 15px !important;padding-left: 15px !important;background-color: #9ac82b !important;}&#8220;]<\/p>\n<h5><strong>Spielplatz und Kinderfahrr\u00e4der<\/strong><\/h5>\n<p>Im Herzen des Campingplatzes befindet sich ein Spielplatz mit einem Spielhaus, einem Babybad, einem Sandkasten, Schaukeln, Kletterzubeh\u00f6r und einem Tischtennistisch. F\u00fcr die Kinder stehen auch Fahrr\u00e4der und Gokarts zur Verf\u00fcgung. Neben dem Campingplatz gibt es einen Spiel- und einen Fu\u00dfballplatz mit Toren.[\/vc_column_text][\/vc_column_inner][\/vc_row_inner][\/vc_column][vc_column width=&#8220;1\/3&#8243;][vc_row_inner][vc_column_inner][vc_single_image image=&#8220;1136&#8243; img_size=&#8220;full&#8220;][vc_column_text css=&#8220;.vc_custom_1555425390542{padding-top: 15px !important;padding-right: 15px !important;padding-bottom: 15px !important;padding-left: 15px !important;background-color: #9ac82b !important;}&#8220;]<\/p>\n<h5><strong>Freizeitanlage<\/strong><\/h5>\n<p>In der kleinen Freizeitanlage gibt es Tische und St\u00fchle. So k\u00f6nnen unsere G\u00e4ste dort zum Beispiel Brettspiele spielen. Es gibt auch einen Fernseher und Sie k\u00f6nnen die \u00dcbertragungen von Fu\u00dfballmeisterschaften und der Tour de France genie\u00dfen.[\/vc_column_text][\/vc_column_inner][\/vc_row_inner][\/vc_column][\/vc_row][vc_row full_width=&#8220;stretch_row&#8220; inverse=&#8220;&#8220; css=&#8220;.vc_custom_1551365095636{margin-top: 15px !important;padding-top: 10px !important;padding-bottom: 10px !important;background-color: #ffffff !important;}&#8220;][vc_column width=&#8220;1\/3&#8243;][vc_row_inner][vc_column_inner][vc_single_image image=&#8220;977&#8243; img_size=&#8220;full&#8220;][vc_column_text css=&#8220;.vc_custom_1555425424972{padding-top: 15px !important;padding-right: 15px !important;padding-bottom: 15px !important;padding-left: 15px !important;background-color: #159ceb !important;}&#8220;]<\/p>\n<h5><strong>Supermarkt<\/strong><\/h5>\n<p>Gegen\u00fcber dem Campingplatz befindet sich ein Supermarkt. Hier k\u00f6nnen Sie alle Ihre Lebensmittel einkaufen. Nach 5 Minuten Fahrtzeit befindet sich ein weiterer gro\u00dfer Supermarkt in Luzy selbst.[\/vc_column_text][\/vc_column_inner][\/vc_row_inner][\/vc_column][vc_column width=&#8220;1\/3&#8243;][vc_row_inner][vc_column_inner][vc_single_image image=&#8220;975&#8243; img_size=&#8220;full&#8220;][vc_column_text css=&#8220;.vc_custom_1555425525025{padding-top: 15px !important;padding-right: 15px !important;padding-bottom: 15px !important;padding-left: 15px !important;background-color: #159ceb !important;}&#8220;]<\/p>\n<h5><strong>Terrasse<\/strong><\/h5>\n<p>Auf dem Campingplatz gibt es eine kleine Terrasse, auf der die G\u00e4ste kleine Dinge wie Eis, Softdrinks, Bier, Wein, Kaffee und Tee genie\u00dfen k\u00f6nnen.[\/vc_column_text][\/vc_column_inner][\/vc_row_inner][\/vc_column][vc_column width=&#8220;1\/3&#8243;][vc_row_inner][vc_column_inner][vc_single_image image=&#8220;917&#8243; img_size=&#8220;full&#8220;][vc_column_text css=&#8220;.vc_custom_1555425567663{padding-top: 15px !important;padding-right: 15px !important;padding-bottom: 15px !important;padding-left: 15px !important;background-color: #159ceb !important;}&#8220;]<\/p>\n<h5><strong>Pizzas und Pommes frites<\/strong><\/h5>\n<p>Mehrmals pro Woche macht Wim seine eigenen Pizzen. An anderen Tagen k\u00f6nnen Sie Pommes frites mit einem Snack bestellen. Sie k\u00f6nnen sich daf\u00fcr an dem betreffenden Tag vor 12.00 Uhr anmelden. In der Regel werden die Pizzen am Freitag und Montag gebacken, die Snacktage sind in der Regel am Sonntag und Mittwoch.[\/vc_column_text][\/vc_column_inner][\/vc_row_inner][\/vc_column][\/vc_row][vc_row full_width=&#8220;stretch_row&#8220; inverse=&#8220;&#8220; css=&#8220;.vc_custom_1551365103241{margin-top: 15px !important;padding-top: 10px !important;padding-bottom: 10px !important;background-color: #ffffff !important;}&#8220;][vc_column width=&#8220;1\/3&#8243;][vc_row_inner][vc_column_inner][vc_single_image image=&#8220;979&#8243; img_size=&#8220;full&#8220;][vc_column_text css=&#8220;.vc_custom_1626189088832{padding-top: 15px !important;padding-right: 15px !important;padding-bottom: 15px !important;padding-left: 15px !important;background-color: #e5001c !important;}&#8220;]<\/p>\n<h5><strong>Sanit\u00e4r<\/strong><\/h5>\n<p>Es gibt 2 Sanit\u00e4rgeb\u00e4ude. Alle mit Duschen, Waschbecken, Geschirrsp\u00fcler und Toiletten. Die warme Dusche und das Geschirrsp\u00fclwasser sind kostenlos. Die Energie wird nachhaltig erzeugt, was zu einem gro\u00dfen Strahl hei\u00dfem Duschwasser f\u00fchrt. Die Sanit\u00e4ranlagen wurden renoviert und durch 2 Familienzimmer, Toiletten und Waschbecken erg\u00e4nzt. Neu: 4 x private Sanit\u00e4ranlagen ab 3 Tagen verf\u00fcgbar.[\/vc_column_text][\/vc_column_inner][\/vc_row_inner][\/vc_column][vc_column width=&#8220;1\/3&#8243;][vc_row_inner][vc_column_inner][vc_single_image image=&#8220;919&#8243; img_size=&#8220;full&#8220;][vc_column_text css=&#8220;.vc_custom_1555425816378{padding-top: 15px !important;padding-right: 15px !important;padding-bottom: 15px !important;padding-left: 15px !important;background-color: #e5001c !important;}&#8220;]<\/p>\n<h5><strong>B\u00fccher und Zeitschriften<\/strong><\/h5>\n<p>In der Rezeption befindet sich ein B\u00fccherregal voller B\u00fccher. Sie k\u00f6nnen bei uns kostenlos B\u00fccher ausleihen. Im Sanit\u00e4rgeb\u00e4ude befindet sich ein Regal voller Zeitschriften. Diese k\u00f6nnen auch kostenlos ausgeliehen und\/oder nachgef\u00fcllt werden.[\/vc_column_text][\/vc_column_inner][\/vc_row_inner][\/vc_column][vc_column width=&#8220;1\/3&#8243;][vc_row_inner][vc_column_inner][vc_single_image image=&#8220;1141&#8243; img_size=&#8220;full&#8220;][vc_column_text css=&#8220;.vc_custom_1555426015987{padding-top: 15px !important;padding-right: 15px !important;padding-bottom: 15px !important;padding-left: 15px !important;background-color: #e5001c !important;}&#8220;]<\/p>\n<h5><strong>Sicherheit<br \/>\n<\/strong><\/h5>\n<p>Auf dem Campingplatz k\u00f6nnen die Kinder sicher spielen. Es gibt viel \u00dcbersicht und soziale Kontrolle. Der Zugang zum Campingplatz ist nachts mit einem Schloss verschlossen. Dies liegt an der Sicherheit unserer G\u00e4ste. Der Campingplatz wird auch w\u00e4hrend der Nacht \u00fcberwacht.[\/vc_column_text][\/vc_column_inner][\/vc_row_inner][\/vc_column][\/vc_row][vc_row full_width=&#8220;stretch_row&#8220; inverse=&#8220;&#8220; el_class=&#8220;accent1_bgc&#8220;][vc_column]<div id=\"sc_call_to_action_625278491\" class=\"sc_call_to_action sc_call_to_action_accented sc_call_to_action_style_2 sc_call_to_action_align_left\" style=\"width:100%;\"><div class=\"columns_wrap\"><div class=\"sc_call_to_action_info column-3_4\"><h2 class=\"sc_call_to_action_title sc_item_title sc_item_title_without_descr\">Reservieren<\/h2><\/div><div class=\"sc_call_to_action_buttons sc_item_buttons column-1_4\"><div class=\"sc_call_to_action_button sc_item_button\"><a href=\"http:\/\/campinglabedure.com\/tarieven-reserveren\/\" class=\"sc_button sc_button_square sc_button_style_filled sc_button_size_small  sc_button_iconed icon-right\">Preise &amp; Reservieren<\/a><\/div><\/div><\/div><\/div>[\/vc_column][\/vc_row]<\/p>","protected":false},"excerpt":{"rendered":"<p>[vc_row css=&#8220;.vc_custom_1457535236804{margin-top: 6.9rem !important;background-color: #ffffff !important;}&#8220;][vc_column width=&#8220;2\/3&#8243;][\/vc_column][vc_column width=&#8220;1\/3&#8243;][\/vc_column][\/vc_row][vc_row full_width=&#8220;stretch_row&#8220; inverse=&#8220;&#8220; css=&#8220;.vc_custom_1551365086427{margin-top: 15px !important;padding-top: 10px !important;padding-bottom: 10px !important;background-color: #ffffff !important;}&#8220;][vc_column width=&#8220;1\/3&#8243;][vc_row_inner][vc_column_inner][vc_single_image image=&#8220;770&#8243; img_size=&#8220;full&#8220;][vc_column_text css=&#8220;.vc_custom_1686923950902{padding-top: 15px !important;padding-right: 15px !important;padding-bottom: 15px !important;padding-left: 15px !important;background-color: #9ac82b !important;}&#8220;] Das Schwimmbad Das beheizte Schwimmbad ist f\u00fcr Campingg\u00e4ste kostenlos. Es gibt ein babybecken, ein Planschbecken und ein tiefes Becken (25 Meter). M\u00e4nner [&hellip;]<\/p>\n","protected":false},"author":1,"featured_media":0,"parent":0,"menu_order":0,"comment_status":"closed","ping_status":"closed","template":"","meta":{"_exactmetrics_skip_tracking":false,"_exactmetrics_sitenote_active":false,"_exactmetrics_sitenote_note":"","_exactmetrics_sitenote_category":0,"footnotes":""},"class_list":["post-865","page","type-page","status-publish","hentry"],"_links":{"self":[{"href":"https:\/\/www.campinglabedure.com\/de\/wp-json\/wp\/v2\/pages\/865","targetHints":{"allow":["GET"]}}],"collection":[{"href":"https:\/\/www.campinglabedure.com\/de\/wp-json\/wp\/v2\/pages"}],"about":[{"href":"https:\/\/www.campinglabedure.com\/de\/wp-json\/wp\/v2\/types\/page"}],"author":[{"embeddable":true,"href":"https:\/\/www.campinglabedure.com\/de\/wp-json\/wp\/v2\/users\/1"}],"replies":[{"embeddable":true,"href":"https:\/\/www.campinglabedure.com\/de\/wp-json\/wp\/v2\/comments?post=865"}],"version-history":[{"count":59,"href":"https:\/\/www.campinglabedure.com\/de\/wp-json\/wp\/v2\/pages\/865\/revisions"}],"predecessor-version":[{"id":2112,"href":"https:\/\/www.campinglabedure.com\/de\/wp-json\/wp\/v2\/pages\/865\/revisions\/2112"}],"wp:attachment":[{"href":"https:\/\/www.campinglabedure.com\/de\/wp-json\/wp\/v2\/media?parent=865"}],"curies":[{"name":"wp","href":"https:\/\/api.w.org\/{rel}","templated":true}]}}