{"id":739,"date":"2018-07-24T12:03:26","date_gmt":"2018-07-24T12:03:26","guid":{"rendered":"http:\/\/campinglabedure.com\/?page_id=739"},"modified":"2020-02-23T18:14:27","modified_gmt":"2020-02-23T18:14:27","slug":"privacy-policy","status":"publish","type":"page","link":"https:\/\/www.campinglabedure.com\/de\/privacy-policy\/","title":{"rendered":"Datenschutzerkl\u00e4rung"},"content":{"rendered":"<p>[vc_row hide_bg_image_on_tablet=&#8220;&#8220; hide_bg_image_on_mobile=&#8220;&#8220; css=&#8220;.vc_custom_1527690588959{background-color: #f7f8f9 !important;}&#8220;][vc_column icons_position=&#8220;left&#8220;][vc_column_text]<strong>Datenschutzerkl\u00e4rung Camping La Bedure<\/strong><\/p>\n<p>\u00dcber unsere Website bieten wir Ihnen die M\u00f6glichkeit, mit uns Kontakt aufzunehmen und einen Stellplatz auf unserem Campingplatz zu buchen. Dar\u00fcber hinaus verarbeiten wir datenschutzrelevante Informationen (personenbezogene Daten). In keinem Fall arbeiten wir mit Dritten zusammen, um die uns \u00fcbermittelten Daten auszutauschen.<\/p>\n<p>Wir halten es f\u00fcr wichtig, dass personenbezogene Daten mit Sorgfalt behandelt werden. Wir verarbeiten und sichern personenbezogene Daten korrekt. Dabei halten wir uns an die Anforderungen der Datenschutzgesetzgebung. Das bedeutet zum Beispiel, dass wir:<\/p>\n<p>&#8211; die Zwecke, f\u00fcr die wir personenbezogene Daten verarbeiten, klar anzugeben. Dies tun wir, wenn wir um personenbezogene Daten bitten und \u00fcber diese Datenschutzerkl\u00e4rung;<\/p>\n<p>&#8211; Versuchen Sie, die Erhebung personenbezogener Daten auf diejenigen personenbezogenen Daten zu beschr\u00e4nken, die f\u00fcr die Zwecke, f\u00fcr die sie verarbeitet werden, erforderlich sind. Wenn wir mehr verlangen, als n\u00f6tig ist, werden wir dies nur mit ausdr\u00fccklicher Zustimmung tun. In diesem Fall werden wir Ihnen klar erl\u00e4utern, warum wir um diese zus\u00e4tzlichen Informationen bitten;<\/p>\n<p>&#8211; bitten Sie zun\u00e4chst um eine ausdr\u00fcckliche Zustimmung zur Verarbeitung Ihrer personenbezogenen Daten, wenn Ihre Zustimmung erforderlich ist;<\/p>\n<p>&#8211; Ihre Daten nicht an Dritte weitergeben, es sei denn, dies ist zur Erbringung der gew\u00fcnschten Dienstleistung erforderlich oder wir sind gesetzlich dazu verpflichtet;<\/p>\n<p>&#8211; Wenn wir Ihre Daten weitergeben, treffen Sie Vereinbarungen mit Dritten, um unter anderem sicherzustellen, dass sie nicht f\u00fcr andere Zwecke verwendet werden;<\/p>\n<p>&#8211; Treffen Sie geeignete Sicherheitsma\u00dfnahmen, um Ihre personenbezogenen Daten und die gleichen Anforderungen von Parteien zu sch\u00fctzen, die personenbezogene Daten in unserem Namen verarbeiten;<\/p>\n<p>&#8211; Respektieren Sie Ihr Recht auf Zugang, Berichtigung oder L\u00f6schung Ihrer personenbezogenen Daten auf Ihre Anfrage.<\/p>\n<p>Personenbezogene Daten werden vom Eigent\u00fcmer des Campingplatzes La Bedure eingesehen. Der Webmaster kann die Daten auch einsehen. Diese Personen wurden gebeten, das Datenschutzgesetz einzuhalten.<\/p>\n<p>Wenn Sie uns aufgrund dieser Datenschutzerkl\u00e4rung kontaktieren m\u00f6chten, k\u00f6nnen Sie dies unter folgender E-Mail-Adresse tun: <a href=\"mailto:info@campinglabedure.nl\" target=\"_blank\" rel=\"noopener\">info@campinglabedure.nl<\/a>[\/vc_column_text][vc_empty_space height=&#8220;4em&#8220; alter_height=&#8220;none&#8220; hide_on_mobile=&#8220;&#8220; hide_on_desktop=&#8220;&#8220; hide_on_notebook=&#8220;&#8220; hide_on_tablet=&#8220;&#8220;][\/vc_column][\/vc_row]<\/p>","protected":false},"excerpt":{"rendered":"<p>[vc_row hide_bg_image_on_tablet=&#8220;&#8220; hide_bg_image_on_mobile=&#8220;&#8220; css=&#8220;.vc_custom_1527690588959{background-color: #f7f8f9 !important;}&#8220;][vc_column icons_position=&#8220;left&#8220;][vc_column_text]Datenschutzerkl\u00e4rung Camping La Bedure \u00dcber unsere Website bieten wir Ihnen die M\u00f6glichkeit, mit uns Kontakt aufzunehmen und einen Stellplatz auf unserem Campingplatz zu buchen. Dar\u00fcber hinaus verarbeiten wir datenschutzrelevante Informationen (personenbezogene Daten). In keinem Fall arbeiten wir mit Dritten zusammen, um die uns \u00fcbermittelten Daten auszutauschen. Wir halten es [&hellip;]<\/p>\n","protected":false},"author":1,"featured_media":0,"parent":0,"menu_order":0,"comment_status":"closed","ping_status":"closed","template":"","meta":{"_exactmetrics_skip_tracking":false,"_exactmetrics_sitenote_active":false,"_exactmetrics_sitenote_note":"","_exactmetrics_sitenote_category":0,"footnotes":""},"class_list":["post-739","page","type-page","status-publish","hentry"],"_links":{"self":[{"href":"https:\/\/www.campinglabedure.com\/de\/wp-json\/wp\/v2\/pages\/739","targetHints":{"allow":["GET"]}}],"collection":[{"href":"https:\/\/www.campinglabedure.com\/de\/wp-json\/wp\/v2\/pages"}],"about":[{"href":"https:\/\/www.campinglabedure.com\/de\/wp-json\/wp\/v2\/types\/page"}],"author":[{"embeddable":true,"href":"https:\/\/www.campinglabedure.com\/de\/wp-json\/wp\/v2\/users\/1"}],"replies":[{"embeddable":true,"href":"https:\/\/www.campinglabedure.com\/de\/wp-json\/wp\/v2\/comments?post=739"}],"version-history":[{"count":7,"href":"https:\/\/www.campinglabedure.com\/de\/wp-json\/wp\/v2\/pages\/739\/revisions"}],"predecessor-version":[{"id":1596,"href":"https:\/\/www.campinglabedure.com\/de\/wp-json\/wp\/v2\/pages\/739\/revisions\/1596"}],"wp:attachment":[{"href":"https:\/\/www.campinglabedure.com\/de\/wp-json\/wp\/v2\/media?parent=739"}],"curies":[{"name":"wp","href":"https:\/\/api.w.org\/{rel}","templated":true}]}}