{"id":301,"date":"2016-03-29T09:31:49","date_gmt":"2016-03-29T09:31:49","guid":{"rendered":"http:\/\/campinglabedure.com\/?page_id=301"},"modified":"2022-07-26T15:08:46","modified_gmt":"2022-07-26T15:08:46","slug":"de-camping","status":"publish","type":"page","link":"https:\/\/www.campinglabedure.com\/de\/der-campingplatz\/","title":{"rendered":"Der campingplatz"},"content":{"rendered":"<p>[vc_row full_width=&#8220;stretch_row_content_no_spaces&#8220;][vc_column][rev_slider_vc alias=&#8220;home-2&#8243;][\/vc_column][\/vc_row][vc_row][vc_column width=&#8220;2\/3&#8243;]<div class=\"sc_section about_section margin_top_large margin_bottom_huge alignleft\"><div class=\"sc_section_inner\"><h2 class=\"sc_section_title sc_item_title sc_item_title_with_descr\">Der Campingplatz<\/h2><div class=\"sc_section_descr sc_item_descr\">Auf dem Campingplatz La Bedure k\u00f6nnen Sie sich mit Ihrem Zelt, Wohnmobil oder Wohnwagen f\u00fcr ein paar Wochen entspannen. Wandern und Radfahren in der Umgebung. F\u00fcr die Kleinen gibt es Spielger\u00e4te, Tischtennis, Fahrr\u00e4der und Gokarts. F\u00fcr Erwachsene und Familien gibt es verschiedene Wander- und Radsportm\u00f6glichkeiten und andere Ausfl\u00fcge. Um den Tag abzurunden, k\u00f6nnen Sie hausgemachte Pizzen aus dem Holzofen oder an anderen Tagen Pommes frites mit einem Snack bestellen.<\/p>\n<p>Klicken Sie auf das Bild um weitere Bilder zu sehen.<\/div><div class=\"sc_section_content_wrap\"><\/div><\/div><\/div>[\/vc_column][vc_column width=&#8220;1\/3&#8243;]<div class=\"sc_section margin_top_large margin_bottom_large\"><div class=\"sc_section_inner\"><div class=\"sc_section_content_wrap\">[vc_images_carousel images=&#8220;1945,772,773,774,769&#8243; img_size=&#8220;full&#8220; hide_pagination_control=&#8220;yes&#8220; wrap=&#8220;yes&#8220;]<\/div><\/div><\/div>[\/vc_column][\/vc_row][vc_row][vc_column width=&#8220;1\/3&#8243;][vc_column_text]<iframe loading=\"lazy\" style=\"border: 0;\" src=\"https:\/\/www.google.com\/maps\/embed?pb=!1m18!1m12!1m3!1d43700.69296758066!2d3.9578953537905863!3d46.79852789685781!2m3!1f0!2f0!3f0!3m2!1i1024!2i768!4f13.1!3m3!1m2!1s0x47f1805bb2ec97ff%3A0x2c42572ed2968847!2s58170+Luzy%2C+France!5e0!3m2!1sen!2snl!4v1551363634536\" width=\"600\" height=\"450\" frameborder=\"0\" allowfullscreen=\"allowfullscreen\"><\/iframe>[\/vc_column_text][\/vc_column][vc_column width=&#8220;2\/3&#8243;]<div class=\"sc_section about_section margin_bottom_huge alignleft\"><div class=\"sc_section_inner\"><h6 class=\"sc_section_subtitle sc_item_subtitle\">Luzy & Autun<\/h6><h2 class=\"sc_section_title sc_item_title sc_item_title_with_descr\">Die Umgebung<\/h2><div class=\"sc_section_descr sc_item_descr\">Der Campingplatz liegt in der N\u00e4he der gallisch-r\u00f6mischen Stadt Autun mit ihren vielen arch\u00e4ologischen St\u00e4tten. In unmittelbarer N\u00e4he befinden sich Schl\u00f6sser (auch zu besichtigen). Innerhalb einer Autostunde gibt es eine gro\u00dfe Auswahl an verschiedenen Unterhaltungsm\u00f6glichkeiten, auch f\u00fcr Kinder: Angelseen, Bade- und Vergn\u00fcgungsparks, etc. Es gibt einen Fluss zum Kanufahren. Vom Campingplatz aus gibt es mehrere ausgeschilderte Wander-, Rad- und Mountainbike-Routen. Lassen Sie sich auf dieser Seite inspirieren: Freizeit. Wenn Sie mehr \u00fcber die Gegend erfahren m\u00f6chten, fragen Sie uns bitte.<\/div><div class=\"sc_section_content_wrap\"><\/div><\/div><\/div>[\/vc_column][\/vc_row][vc_row][vc_column width=&#8220;2\/3&#8243;]<div class=\"sc_section about_section margin_top_large margin_bottom_huge alignleft\"><div class=\"sc_section_inner\"><h2 class=\"sc_section_title sc_item_title sc_item_title_with_descr\">Luzy<\/h2><div class=\"sc_section_descr sc_item_descr\">Der Campingplatz ist l\u00e4ndlich mit Viehzucht und Landwirtschaft, aber auch bewaldet und h\u00fcgelig. Das Dorf Luzy ist nur 5 Gehminuten vom Campingplatz entfernt und verf\u00fcgt \u00fcber ein gem\u00fctliches Zentrum mit Gesch\u00e4ften, Caf\u00e9s und guten und preiswerten Restaurants. Au\u00dferdem gibt es in Luzy 2 Superm\u00e4rkte: einen Lidl und einen gro\u00dfen B1 Supermarkt. Jeden Freitagmorgen gibt es einen w\u00f6chentlichen Markt.<\/p>\n<p>Klicken Sie auf das Bild, um weitere Bilder zu sehen.<\/div><div class=\"sc_section_content_wrap\"><\/div><\/div><\/div>[\/vc_column][vc_column width=&#8220;1\/3&#8243;]<div class=\"sc_section margin_top_large margin_bottom_large\"><div class=\"sc_section_inner\"><div class=\"sc_section_content_wrap\">[vc_images_carousel images=&#8220;1342,1343,1344,1345,1346,1169&#8243; img_size=&#8220;full&#8220; hide_pagination_control=&#8220;yes&#8220; wrap=&#8220;yes&#8220;]<\/div><\/div><\/div>[\/vc_column][\/vc_row][vc_row full_width=&#8220;stretch_row&#8220; inverse=&#8220;&#8220; css=&#8220;.vc_custom_1459263735434{background-color: #f6f5f2 !important;}&#8220;][vc_column width=&#8220;3\/4&#8243;]<div class=\"sc_section margin_top_huge margin_bottom_huge\"><div class=\"sc_section_inner\"><h2 class=\"sc_section_title sc_item_title sc_item_title_with_descr\">Das Wetter<\/h2><div class=\"sc_section_descr sc_item_descr\">Das Klima im Burgund ist sehr angenehm. Das Burgund ist eine der \u00e4ltesten Regionen Frankreichs. Das Gebiet ist bekannt f\u00fcr seinen Weinbau. Aufgrund des guten Klimas mit vielen Sonnenstunden sind die Trauben, die im Burgund wachsen, von gro\u00dfer Qualit\u00e4t. In den Sommermonaten (Juni bis September) hat diese Region durchschnittlich 11 bis 14 Regentage. Im Fr\u00fchjahr liegt die Tagestemperatur bei etwa 22 Grad und im Sommer kann sie auf 30 bis 35 Grad steigen. Ein sehr geeignetes Urlaubsklima!<\/p>\n<p>Das Wetter im Burgund ist nicht ganz vorhersehbar. Es gibt ein kontinentales Klima: sehr hei\u00df im Sommer und sehr kalt im Winter. Die warmen Sommer in Kombination mit der h\u00fcgeligen Landschaft f\u00fchren gelegentlich zu (unerwarteten) Gewittern. Ab April f\u00e4llt in der Regel wenig Regen. Ein paar Mal viel zur gleichen Zeit, danach ist das Wetter sch\u00f6n und sonnig.<\/div><div class=\"sc_section_content_wrap\"><\/div><\/div><\/div>[\/vc_column][vc_column width=&#8220;1\/4&#8243;]<div class=\"sc_section ``weerplazaWidget`` margin_top_huge margin_bottom_huge\"><div class=\"sc_section_inner\"><h2 class=\"sc_section_title sc_item_title sc_item_title_without_descr\">Het weer<\/h2><div class=\"sc_section_content_wrap\">[vc_column_text]<iframe class=\"weerplazaWidget\" style=\"padding: 10px; width: 100% !important; max-width: 320px !important; height: 285px !important; border: 1px solid #f4f4f4 !important; box-sizing: border-box !important;\" src=\"https:\/\/www.weerplaza.nl\/weerwidgets\/verwachting\/13152\/\" frameborder=\"0\" scrolling=\"no\"><\/iframe>[\/vc_column_text]<\/div><\/div><\/div>[\/vc_column][\/vc_row]<\/p>","protected":false},"excerpt":{"rendered":"<p>[vc_row full_width=&#8220;stretch_row_content_no_spaces&#8220;][vc_column][rev_slider_vc alias=&#8220;home-2&#8243;][\/vc_column][\/vc_row][vc_row][vc_column width=&#8220;2\/3&#8243;][\/vc_column][vc_column width=&#8220;1\/3&#8243;][\/vc_column][\/vc_row][vc_row][vc_column width=&#8220;1\/3&#8243;][vc_column_text][\/vc_column_text][\/vc_column][vc_column width=&#8220;2\/3&#8243;][\/vc_column][\/vc_row][vc_row][vc_column width=&#8220;2\/3&#8243;][\/vc_column][vc_column width=&#8220;1\/3&#8243;][\/vc_column][\/vc_row][vc_row full_width=&#8220;stretch_row&#8220; inverse=&#8220;&#8220; css=&#8220;.vc_custom_1459263735434{background-color: #f6f5f2 !important;}&#8220;][vc_column width=&#8220;3\/4&#8243;][\/vc_column][vc_column width=&#8220;1\/4&#8243;][\/vc_column][\/vc_row]<\/p>\n","protected":false},"author":1,"featured_media":0,"parent":0,"menu_order":0,"comment_status":"closed","ping_status":"closed","template":"","meta":{"_exactmetrics_skip_tracking":false,"_exactmetrics_sitenote_active":false,"_exactmetrics_sitenote_note":"","_exactmetrics_sitenote_category":0,"footnotes":""},"class_list":["post-301","page","type-page","status-publish","hentry"],"_links":{"self":[{"href":"https:\/\/www.campinglabedure.com\/de\/wp-json\/wp\/v2\/pages\/301","targetHints":{"allow":["GET"]}}],"collection":[{"href":"https:\/\/www.campinglabedure.com\/de\/wp-json\/wp\/v2\/pages"}],"about":[{"href":"https:\/\/www.campinglabedure.com\/de\/wp-json\/wp\/v2\/types\/page"}],"author":[{"embeddable":true,"href":"https:\/\/www.campinglabedure.com\/de\/wp-json\/wp\/v2\/users\/1"}],"replies":[{"embeddable":true,"href":"https:\/\/www.campinglabedure.com\/de\/wp-json\/wp\/v2\/comments?post=301"}],"version-history":[{"count":45,"href":"https:\/\/www.campinglabedure.com\/de\/wp-json\/wp\/v2\/pages\/301\/revisions"}],"predecessor-version":[{"id":1995,"href":"https:\/\/www.campinglabedure.com\/de\/wp-json\/wp\/v2\/pages\/301\/revisions\/1995"}],"wp:attachment":[{"href":"https:\/\/www.campinglabedure.com\/de\/wp-json\/wp\/v2\/media?parent=301"}],"curies":[{"name":"wp","href":"https:\/\/api.w.org\/{rel}","templated":true}]}}