{"id":2041,"date":"2024-04-15T17:25:48","date_gmt":"2024-04-15T17:25:48","guid":{"rendered":"https:\/\/www.campinglabedure.com\/nl\/?page_id=2041"},"modified":"2024-07-27T17:03:00","modified_gmt":"2024-07-27T17:03:00","slug":"glamping-vakantie-camping-la-bedure","status":"publish","type":"page","link":"https:\/\/www.campinglabedure.com\/de\/glamping-accomodaties\/","title":{"rendered":"Glamping-Unterk\u00fcnfte"},"content":{"rendered":"<p>[vc_row][vc_column][vc_column_text]<strong>Safari-Zelte!<\/strong><\/p>\n<p>M\u00f6chten Sie campen, ohne selbst ein Zelt aufzustellen? Seit 2024 bieten wir 8 komplett eingerichtete Safari-Zelte an! Packen Sie Ihren Koffer und wir erledigen den Rest.<\/p>\n<p>Unsere Safari-Zelte haben eine Innenfl\u00e4che von 25m\u00b2 und verf\u00fcgen \u00fcber zwei Schlafzimmer: ein Schlafzimmer mit zwei einzelnen Boxspringbetten und ein Zimmer mit einem Etagenbett und einem einzelnen Boxspringbett. Diese Zelte sind ideal f\u00fcr f\u00fcnf Personen \u2013 zwei Eltern und drei Kinder oder vier Erwachsene.<\/p>\n<p>Die Zelte sind mit einer eingerichteten K\u00fcche mit einem Gaskocher <em>(keine Wasseranschluss)<\/em> und allen notwendigen K\u00fcchenutensilien ausgestattet.<\/p>\n<p>Die ger\u00e4umige Terrasse von 15m\u00b2 drau\u00dfen bietet einen Sonnenschirm, einen Picknicktisch und zwei Loungesessel. Genie\u00dfen Sie tags\u00fcber die Sonne und nachts die wundersch\u00f6nen Sternschnuppen.<\/p>\n<p>G\u00e4ste k\u00f6nnen die sanit\u00e4ren Einrichtungen des Campingplatzes nutzen.<\/p>\n<p>Kommen Sie und erleben Sie den Komfort des Glamping in unseren Safari-Zelten! Reservierungen sind m\u00f6glich \u00fcber <a href=\"https:\/\/www.campinglabedure.com\/nl\/contact\/\">info@campinglabedure.com<\/a><a rel=\"noreferrer\">.<\/a>[\/vc_column_text][\/vc_column][\/vc_row][vc_row][vc_column][vc_gallery interval=&#8220;3&#8243; images=&#8220;2086,2084,2083,2081,2085,2076,2075,2082,2080,2079,2078,2077&#8243; img_size=&#8220;medium&#8220;][\/vc_column][\/vc_row]<\/p>","protected":false},"excerpt":{"rendered":"<p>[vc_row][vc_column][vc_column_text]Safari-Zelte! M\u00f6chten Sie campen, ohne selbst ein Zelt aufzustellen? Seit 2024 bieten wir 8 komplett eingerichtete Safari-Zelte an! Packen Sie Ihren Koffer und wir erledigen den Rest. Unsere Safari-Zelte haben eine Innenfl\u00e4che von 25m\u00b2 und verf\u00fcgen \u00fcber zwei Schlafzimmer: ein Schlafzimmer mit zwei einzelnen Boxspringbetten und ein Zimmer mit einem Etagenbett und einem einzelnen Boxspringbett. [&hellip;]<\/p>\n","protected":false},"author":86,"featured_media":2084,"parent":0,"menu_order":0,"comment_status":"closed","ping_status":"closed","template":"","meta":{"_exactmetrics_skip_tracking":false,"_exactmetrics_sitenote_active":false,"_exactmetrics_sitenote_note":"","_exactmetrics_sitenote_category":0,"footnotes":""},"class_list":["post-2041","page","type-page","status-publish","has-post-thumbnail","hentry"],"_links":{"self":[{"href":"https:\/\/www.campinglabedure.com\/de\/wp-json\/wp\/v2\/pages\/2041","targetHints":{"allow":["GET"]}}],"collection":[{"href":"https:\/\/www.campinglabedure.com\/de\/wp-json\/wp\/v2\/pages"}],"about":[{"href":"https:\/\/www.campinglabedure.com\/de\/wp-json\/wp\/v2\/types\/page"}],"author":[{"embeddable":true,"href":"https:\/\/www.campinglabedure.com\/de\/wp-json\/wp\/v2\/users\/86"}],"replies":[{"embeddable":true,"href":"https:\/\/www.campinglabedure.com\/de\/wp-json\/wp\/v2\/comments?post=2041"}],"version-history":[{"count":28,"href":"https:\/\/www.campinglabedure.com\/de\/wp-json\/wp\/v2\/pages\/2041\/revisions"}],"predecessor-version":[{"id":2111,"href":"https:\/\/www.campinglabedure.com\/de\/wp-json\/wp\/v2\/pages\/2041\/revisions\/2111"}],"wp:featuredmedia":[{"embeddable":true,"href":"https:\/\/www.campinglabedure.com\/de\/wp-json\/wp\/v2\/media\/2084"}],"wp:attachment":[{"href":"https:\/\/www.campinglabedure.com\/de\/wp-json\/wp\/v2\/media?parent=2041"}],"curies":[{"name":"wp","href":"https:\/\/api.w.org\/{rel}","templated":true}]}}