{"id":142,"date":"2016-03-28T14:43:29","date_gmt":"2016-03-28T14:43:29","guid":{"rendered":"http:\/\/campinglabedure.com\/?page_id=142"},"modified":"2024-08-11T16:52:40","modified_gmt":"2024-08-11T16:52:40","slug":"activiteiten","status":"publish","type":"page","link":"https:\/\/www.campinglabedure.com\/de\/aktivitaten\/","title":{"rendered":"Aktivit\u00e4ten"},"content":{"rendered":"<p>[vc_row css=&#8220;.vc_custom_1457535236804{margin-top: 6.9rem !important;background-color: #ffffff !important;}&#8220;][vc_column width=&#8220;2\/3&#8243;]<div class=\"sc_section\"><div class=\"sc_section_inner\"><h2 class=\"sc_section_title sc_item_title sc_item_title_without_descr\">Aktivit\u00e4ten<\/h2><div class=\"sc_section_content_wrap\"><div class=\"columns_wrap sc_columns columns_nofluid sc_columns_count_1 margin_top_small\"><div class=\"column-1_1 sc_column_item sc_column_item_1 odd first\">[vc_column_text]Auf und um den Campingplatz herum gibt es verschiedene Aktivit\u00e4ten, die organisiert werden oder die Sie selbst durchf\u00fchren k\u00f6nnen. Wenn Sie gerne sportlich sind, dann ist der Camping La Bedure der richtige Ort f\u00fcr Sie. An der Rezeption k\u00f6nnen Sie Karten f\u00fcr Wanderungen, Mountainbiking und Radfahren ausleihen. Sie k\u00f6nnen auch einen Lauf machen, so lange Sie wollen. Wir geben Ihnen gerne Tipps und Ratschl\u00e4ge. Von Zeit zu Zeit organisieren wir einen gemeinsamen Spaziergang. Verschiedene Routen k\u00f6nnen auch hier gefunden werden: <a href=\"https:\/\/www.alltrails.com\/?referrer=gpsies\" target=\"_blank\" rel=\"noopener noreferrer\">Alltrails.com<\/a> (Suchbegriff: Luzy).<\/p>\n<p>F\u00fcr Campingg\u00e4ste, die gerne auf dem Campingplatz bleiben m\u00f6chten, organisieren wir ab und zu auch einige lustige Aktivit\u00e4ten. Schauen Sie unten, um einen Eindruck von den Aktivit\u00e4ten zu bekommen.[\/vc_column_text]<\/div><\/div><\/div><\/div><\/div>[\/vc_column][vc_column width=&#8220;1\/3&#8243;]<h6 class=\"sc_title sc_title_iconed\" style=\"font-size:0.938em;\"><span class=\"sc_title_icon sc_title_icon_left  sc_title_icon_small icon-ok-circled\"><\/span>Wandern &amp; Laufen<\/h6><h6 class=\"sc_title sc_title_iconed\" style=\"font-size:0.938em;\"><span class=\"sc_title_icon sc_title_icon_left  sc_title_icon_small icon-ok-circled\"><\/span>Radfahren &amp; Mountainbiking<\/h6><h6 class=\"sc_title sc_title_iconed\" style=\"font-size:0.938em;\"><span class=\"sc_title_icon sc_title_icon_left  sc_title_icon_small icon-ok-circled\"><\/span>Schwimmen<\/h6><h6 class=\"sc_title sc_title_iconed\" style=\"font-size:0.938em;\"><span class=\"sc_title_icon sc_title_icon_left  sc_title_icon_small icon-ok-circled\"><\/span>Spielplatz<\/h6><h6 class=\"sc_title sc_title_iconed\" style=\"font-size:0.938em;\"><span class=\"sc_title_icon sc_title_icon_left  sc_title_icon_small icon-ok-circled\"><\/span>Lokale Produkte probieren<\/h6><h6 class=\"sc_title sc_title_iconed\" style=\"font-size:0.938em;\"><span class=\"sc_title_icon sc_title_icon_left  sc_title_icon_small icon-ok-circled\"><\/span>Lagerfeuer und Gem\u00fctlichkeit<\/h6>[\/vc_column][\/vc_row][vc_row full_width=&#8220;stretch_row&#8220; equal_height=&#8220;yes&#8220; inverse=&#8220;&#8220; css=&#8220;.vc_custom_1551885437055{margin-top: 15px !important;padding-top: 10px !important;padding-bottom: 10px !important;background-color: #ffffff !important;}&#8220;][vc_column width=&#8220;1\/3&#8243;][vc_row_inner equal_height=&#8220;yes&#8220;][vc_column_inner][vc_single_image image=&#8220;943&#8243; img_size=&#8220;full&#8220;][vc_column_text css=&#8220;.vc_custom_1686923811598{padding-top: 15px !important;padding-right: 15px !important;padding-bottom: 15px !important;padding-left: 15px !important;background-color: #9ac82b !important;}&#8220;]<\/p>\n<h5><strong>Schwimmen<\/strong><\/h5>\n<p id=\"tw-target-text\" class=\"tw-data-text tw-text-large tw-ta\" dir=\"ltr\" data-placeholder=\"Vertaling\"><span class=\"Y2IQFc\" lang=\"de\">Im Juli und August k\u00f6nnen Sie <\/span>Jeden Tag k\u00f6nnen kostenlos im \u00f6ffentlichen beheizten Schwimmbad neben unserem Campingplatz schwimmen. Der Pool verf\u00fcgt \u00fcber ein Planschbecken, ein Planschbecken und ein 25-Meter-Becken (tief). Im Pool sind Rettungsschwimmer zur Aufsicht anwesend. F\u00fcr Herren und Jungen ist das Tragen von Schwimmslips vorgeschrieben. Boxershorts oder andere Arten sind verboten.<\/p>\n<p id=\"tw-target-text\" class=\"tw-data-text tw-text-large tw-ta\" dir=\"ltr\" data-placeholder=\"Vertaling\"><span class=\"Y2IQFc\" lang=\"de\">Im Juni ist das Schwimmbad mittwochs von 15:00 bis 19:00 Uhr und am Wochenende (Samstag und Sonntag) von 11:00 bis 19:00 Uhr ge\u00f6ffnet.<\/span><\/p>\n<p>[\/vc_column_text][\/vc_column_inner][\/vc_row_inner][\/vc_column][vc_column width=&#8220;1\/3&#8243;][vc_row_inner equal_height=&#8220;yes&#8220;][vc_column_inner][vc_single_image image=&#8220;904&#8243; img_size=&#8220;full&#8220;][vc_column_text css=&#8220;.vc_custom_1607518806981{padding-top: 15px !important;padding-right: 15px !important;padding-bottom: 15px !important;padding-left: 15px !important;background-color: #9ac82b !important;}&#8220;]<\/p>\n<h5><strong>Wandern<\/strong><\/h5>\n<p>Besonders in der Vor- und Nachsaison organisieren wir f\u00fcr Interessierte Gruppenwanderungen. Die Teilnahme ist eine Selbstverst\u00e4ndlichkeit ohne jede Verpflichtung. Wollen Sie auf eigene Faust losziehen? Das ist nat\u00fcrlich auch m\u00f6glich. Dann nehmen Sie einen der sch\u00f6nen Wanderwege mit, die an der Rezeption ausgeliehen werden.[\/vc_column_text][\/vc_column_inner][\/vc_row_inner][\/vc_column][vc_column width=&#8220;1\/3&#8243;][vc_row_inner equal_height=&#8220;yes&#8220;][vc_column_inner][vc_single_image image=&#8220;903&#8243; img_size=&#8220;full&#8220;][vc_column_text css=&#8220;.vc_custom_1607518854069{padding-top: 15px !important;padding-right: 15px !important;padding-bottom: 15px !important;padding-left: 15px !important;background-color: #9ac82b !important;}&#8220;]<\/p>\n<h5><strong>Fahrrad\/Mountainbike<\/strong><\/h5>\n<p>Wenn Sie ein echter Fahrradliebhaber sind, dann k\u00f6nnen Sie sich in unserer Nachbarschaft verw\u00f6hnen lassen. Vom Campingplatz aus gibt es mehrere Routen, aber auch etwas weiter entfernt finden Sie sch\u00f6ne Strecken in den Bergen und durch W\u00e4lder. Routen mit unterschiedlichen Entfernungen, f\u00fcr Anf\u00e4nger und Fortgeschrittene.[\/vc_column_text][\/vc_column_inner][\/vc_row_inner][\/vc_column][\/vc_row][vc_row full_width=&#8220;stretch_row&#8220; equal_height=&#8220;yes&#8220; inverse=&#8220;&#8220; css=&#8220;.vc_custom_1551885449270{margin-top: 15px !important;padding-top: 10px !important;padding-bottom: 10px !important;background-color: #ffffff !important;}&#8220;][vc_column width=&#8220;1\/3&#8243;][vc_row_inner][vc_column_inner][vc_single_image image=&#8220;905&#8243; img_size=&#8220;full&#8220;][vc_column_text css=&#8220;.vc_custom_1607518907094{padding-top: 15px !important;padding-right: 15px !important;padding-bottom: 15px !important;padding-left: 15px !important;background-color: #159ceb !important;}&#8220;]<\/p>\n<h5>Jogging<\/h5>\n<p>Viele unserer G\u00e4ste genie\u00dfen einen sch\u00f6nen Lauf, besonders morgens oder abends. Sie gehen den Campingplatz hinunter und befinden sich mitten in der wundersch\u00f6nen Landschaft. Es sind mehrere Runden zu drehen. Fragen Sie an der Rezeption nach sch\u00f6nen und geeigneten Routen.[\/vc_column_text][\/vc_column_inner][\/vc_row_inner][\/vc_column][vc_column width=&#8220;1\/3&#8243;][vc_row_inner][vc_column_inner][vc_single_image image=&#8220;901&#8243; img_size=&#8220;full&#8220;][vc_column_text css=&#8220;.vc_custom_1607518949184{padding-top: 15px !important;padding-right: 15px !important;padding-bottom: 15px !important;padding-left: 15px !important;background-color: #159ceb !important;}&#8220;]<\/p>\n<h5><strong>Fussball spielen<\/strong><\/h5>\n<p>Direkt neben dem Campingplatz gibt es einen Spielplatz, auf dem Kinder (und Eltern) Sport treiben k\u00f6nnen. Sie k\u00f6nnen einen Ball kicken, es gibt 2 Tore. J\u00e4hrlich organisieren die Campingg\u00e4ste ihre eigenen Wettbewerbe. Eltern und Kinder k\u00f6nnen hier trainieren![\/vc_column_text][\/vc_column_inner][\/vc_row_inner][\/vc_column][vc_column width=&#8220;1\/3&#8243;][vc_row_inner][vc_column_inner][vc_single_image image=&#8220;1147&#8243; img_size=&#8220;full&#8220;][vc_column_text css=&#8220;.vc_custom_1607518988498{padding-top: 15px !important;padding-right: 15px !important;padding-bottom: 15px !important;padding-left: 15px !important;background-color: #159ceb !important;}&#8220;]<\/p>\n<h5><strong>Schwimmunterricht<\/strong><\/h5>\n<p>In der Vor- und Nachsaison wird Schwimmunterricht von einem Franz\u00f6sischlehrer erteilt. In 1 bis 2 Wochen lernen die Kinder schwimmen. Das Mindestalter betr\u00e4gt 6 Jahre. Die Kinder haben 10 Lektionen von Dienstag bis Sonntag. Ein- oder zweimal t\u00e4glich. Weitere Informationen finden Sie auf unserer Nachrichtenseite.[\/vc_column_text][\/vc_column_inner][\/vc_row_inner][\/vc_column][\/vc_row][vc_row full_width=&#8220;stretch_row&#8220; equal_height=&#8220;yes&#8220; inverse=&#8220;&#8220; css=&#8220;.vc_custom_1551885437055{margin-top: 15px !important;padding-top: 10px !important;padding-bottom: 10px !important;background-color: #ffffff !important;}&#8220;][vc_column width=&#8220;1\/3&#8243;][vc_row_inner equal_height=&#8220;yes&#8220;][vc_column_inner][vc_single_image image=&#8220;1698&#8243; img_size=&#8220;full&#8220;][vc_column_text css=&#8220;.vc_custom_1607519028894{padding-top: 15px !important;padding-right: 15px !important;padding-bottom: 15px !important;padding-left: 15px !important;background-color: #8222a3 !important;}&#8220;]<\/p>\n<h5><strong>Mieten Sie ein Elektrofahrrad<\/strong><\/h5>\n<p>Entdecken Sie Luzy und seine Umgebung auf einem Elektrofahrrad. F\u00fcr Informationen wenden Sie sich bitte an das Rathaus von Luzy unter 03 86 30 02 34.<br \/>\nHalbtag: \u20ac 15,00: von 9.00-12.00 Uhr oder von 14.00-17.00 Uhr. Ganzer Tag: \u20ac 19,00: von 9.00-17.00 Uhr abends. Wochenende: \u20ac 40,00: von Freitag bis Montagmorgen 9.00 Uhr.[\/vc_column_text][\/vc_column_inner][\/vc_row_inner][\/vc_column][vc_column width=&#8220;1\/3&#8243;][vc_row_inner equal_height=&#8220;yes&#8220;][vc_column_inner][vc_single_image image=&#8220;1703&#8243; img_size=&#8220;1000&#215;601&#8243;][vc_column_text css=&#8220;.vc_custom_1607519057715{padding-top: 15px !important;padding-right: 15px !important;padding-bottom: 15px !important;padding-left: 15px !important;background-color: #8222a3 !important;}&#8220;]<\/p>\n<h5><strong>Jeu de boules<\/strong><\/h5>\n<p>Auf dem Campingplatz gibt es am Eingang eine (beleuchtete) Bowlingbahn. Spa\u00df f\u00fcr Jung und Alt.[\/vc_column_text][\/vc_column_inner][\/vc_row_inner][\/vc_column][vc_column width=&#8220;1\/3&#8243;][vc_row_inner equal_height=&#8220;yes&#8220;][vc_column_inner][vc_single_image image=&#8220;1705&#8243; img_size=&#8220;full&#8220;][vc_column_text css=&#8220;.vc_custom_1607519079342{padding-top: 15px !important;padding-right: 15px !important;padding-bottom: 15px !important;padding-left: 15px !important;background-color: #8222a3 !important;}&#8220;]<\/p>\n<h5><strong>Volleybal<\/strong><\/h5>\n<p>Am Pool befindet sich ein Volleyballfeld, auf dem Sie w\u00e4hrend der \u00d6ffnungszeiten des Pools mit kleinen Gruppen ein Spiel spielen k\u00f6nnen.[\/vc_column_text][\/vc_column_inner][\/vc_row_inner][\/vc_column][\/vc_row][vc_row full_width=&#8220;stretch_row&#8220; equal_height=&#8220;yes&#8220; inverse=&#8220;&#8220; css=&#8220;.vc_custom_1551885459975{margin-top: 15px !important;padding-top: 10px !important;padding-bottom: 10px !important;background-color: #ffffff !important;}&#8220;][vc_column width=&#8220;1\/3&#8243;][vc_row_inner][vc_column_inner][vc_single_image image=&#8220;900&#8243; img_size=&#8220;full&#8220;][vc_column_text css=&#8220;.vc_custom_1607519108093{padding-top: 15px !important;padding-right: 15px !important;padding-bottom: 15px !important;padding-left: 15px !important;background-color: #e5001c !important;}&#8220;]<\/p>\n<h5><strong>Angeln<\/strong><\/h5>\n<p>Ist Angeln Ihr Hobby? In der N\u00e4he des Campingplatzes gibt es mehrere Seen, in denen Sie angeln (und schwimmen) k\u00f6nnen. Wenn Sie mehr \u00fcber die Orte und die M\u00f6glichkeiten wissen m\u00f6chten, fragen Sie bitte an der Rezeption nach.[\/vc_column_text][\/vc_column_inner][\/vc_row_inner][\/vc_column][vc_column width=&#8220;1\/3&#8243;][vc_row_inner][vc_column_inner][vc_single_image image=&#8220;909&#8243; img_size=&#8220;full&#8220;][vc_column_text css=&#8220;.vc_custom_1607519139954{padding-top: 15px !important;padding-right: 15px !important;padding-bottom: 15px !important;padding-left: 15px !important;background-color: #e5001c !important;}&#8220;]<\/p>\n<h5><strong>Kanufahren<\/strong><\/h5>\n<p>Drei Stunden Kanufahrt auf dem Fluss Arroux, 11 Kilometer flussabw\u00e4rts durch ein atemberaubendes Gebiet der Stille. Ab Mai ist der Fluss f\u00fcr Jung und Alt leicht zu befahren.\u00a0 Am Ende der Reise werden Sie vom Vermieter der Kanus abgeholt. Interessiert? Gehen Sie in die Rezeption f\u00fcr die M\u00f6glichkeiten.[\/vc_column_text][\/vc_column_inner][\/vc_row_inner][\/vc_column][vc_column width=&#8220;1\/3&#8243;][vc_row_inner][vc_column_inner][vc_single_image image=&#8220;912&#8243; img_size=&#8220;full&#8220;][vc_column_text css=&#8220;.vc_custom_1607519166434{padding-top: 15px !important;padding-right: 15px !important;padding-bottom: 15px !important;padding-left: 15px !important;background-color: #e5001c !important;}&#8220;]<\/p>\n<h5><strong>Lagerfeuer<\/strong><\/h5>\n<p>Wenn das Wetter geeignet ist und gen\u00fcgend Begeisterung herrscht, wird das Lagerfeuer in der Ecke des Campingplatzes entz\u00fcndet. In Begleitung von Erwachsenen k\u00f6nnen Kinder dort warme Sandwiches und Marshmallows genie\u00dfen. Wir nehmen R\u00fccksicht auf den Schlaf unserer G\u00e4ste, das Feuer geht p\u00fcnktlich aus.[\/vc_column_text][\/vc_column_inner][\/vc_row_inner][\/vc_column][\/vc_row][vc_row full_width=&#8220;stretch_row&#8220; equal_height=&#8220;yes&#8220; inverse=&#8220;&#8220; css=&#8220;.vc_custom_1551885474304{margin-top: 15px !important;padding-top: 10px !important;padding-bottom: 10px !important;background-color: #ffffff !important;}&#8220;][vc_column width=&#8220;1\/3&#8243;][vc_row_inner][vc_column_inner][vc_single_image image=&#8220;911&#8243; img_size=&#8220;full&#8220;][vc_column_text css=&#8220;.vc_custom_1607519199536{padding-top: 15px !important;padding-right: 15px !important;padding-bottom: 15px !important;padding-left: 15px !important;background-color: #fc7009 !important;}&#8220;]<\/p>\n<h5><strong>Drachenfliegen<\/strong><\/h5>\n<p>Neben dem Campingplatz befindet sich ein sehr gro\u00dfes Feld, auf dem Sie Ihren Drachen perfekt stehen lassen k\u00f6nnen. Jedes Jahr steigen hier die sch\u00f6nsten Drachen in die Luft. Au\u00dferdem haben Sie von diesem Feld aus einen sch\u00f6nen Blick auf den Campingplatz.[\/vc_column_text][\/vc_column_inner][\/vc_row_inner][\/vc_column][vc_column width=&#8220;1\/3&#8243;][vc_row_inner][vc_column_inner][vc_single_image image=&#8220;910&#8243; img_size=&#8220;full&#8220;][vc_column_text css=&#8220;.vc_custom_1607519361218{padding-top: 15px !important;padding-right: 15px !important;padding-bottom: 15px !important;padding-left: 15px !important;background-color: #fc7009 !important;}&#8220;]<\/p>\n<h5><strong>Wein probe<\/strong><\/h5>\n<p>Wenn Sie im Burgund sind, ist es nat\u00fcrlich sch\u00f6n, die lokalen Weine gekostet zu probieren. Aus diesem Grund organisieren wir ab und zu einen Weinprobe auf dem Campingplatz. Zusammen sein und die lokalen Weine probieren und beurteilen.[\/vc_column_text][\/vc_column_inner][\/vc_row_inner][\/vc_column][vc_column width=&#8220;1\/3&#8243;][vc_row_inner][vc_column_inner][vc_single_image image=&#8220;951&#8243; img_size=&#8220;full&#8220;][vc_column_text css=&#8220;.vc_custom_1607519387047{padding-top: 15px !important;padding-right: 15px !important;padding-bottom: 15px !important;padding-left: 15px !important;background-color: #fc7009 !important;}&#8220;]<\/p>\n<h5><strong>Tischtennis<\/strong><\/h5>\n<p>Eine Tischtennisplatte steht auf dem Campingplatz zur Verf\u00fcgung. Wenn Sie ein Spiel organisieren wollen, ist das kein Problem. Spa\u00df beim Entspannen![\/vc_column_text][\/vc_column_inner][\/vc_row_inner][\/vc_column][\/vc_row][vc_row full_width=&#8220;stretch_row&#8220; inverse=&#8220;&#8220; el_class=&#8220;accent1_bgc&#8220;][vc_column]<div id=\"sc_call_to_action_835144584\" class=\"sc_call_to_action sc_call_to_action_accented sc_call_to_action_style_2 sc_call_to_action_align_left\" style=\"width:100%;\"><div class=\"columns_wrap\"><div class=\"sc_call_to_action_info column-3_4\"><h2 class=\"sc_call_to_action_title sc_item_title sc_item_title_without_descr\">Reserveer nu!<\/h2><\/div><div class=\"sc_call_to_action_buttons sc_item_buttons column-1_4\"><div class=\"sc_call_to_action_button sc_item_button\"><a href=\"http:\/\/campinglabedure.com\/tarieven-reserveren\/\" class=\"sc_button sc_button_square sc_button_style_filled sc_button_size_small  sc_button_iconed icon-right\">Tarieven en reserveren<\/a><\/div><\/div><\/div><\/div>[\/vc_column][\/vc_row]<\/p>","protected":false},"excerpt":{"rendered":"<p>[vc_row css=&#8220;.vc_custom_1457535236804{margin-top: 6.9rem !important;background-color: #ffffff !important;}&#8220;][vc_column width=&#8220;2\/3&#8243;][\/vc_column][vc_column width=&#8220;1\/3&#8243;][\/vc_column][\/vc_row][vc_row full_width=&#8220;stretch_row&#8220; equal_height=&#8220;yes&#8220; inverse=&#8220;&#8220; css=&#8220;.vc_custom_1551885437055{margin-top: 15px !important;padding-top: 10px !important;padding-bottom: 10px !important;background-color: #ffffff !important;}&#8220;][vc_column width=&#8220;1\/3&#8243;][vc_row_inner equal_height=&#8220;yes&#8220;][vc_column_inner][vc_single_image image=&#8220;943&#8243; img_size=&#8220;full&#8220;][vc_column_text css=&#8220;.vc_custom_1686923811598{padding-top: 15px !important;padding-right: 15px !important;padding-bottom: 15px !important;padding-left: 15px !important;background-color: #9ac82b !important;}&#8220;] Schwimmen Im Juli und August k\u00f6nnen Sie Jeden Tag k\u00f6nnen kostenlos im \u00f6ffentlichen beheizten Schwimmbad neben unserem Campingplatz schwimmen. Der [&hellip;]<\/p>\n","protected":false},"author":1,"featured_media":0,"parent":0,"menu_order":0,"comment_status":"closed","ping_status":"closed","template":"","meta":{"_exactmetrics_skip_tracking":false,"_exactmetrics_sitenote_active":false,"_exactmetrics_sitenote_note":"","_exactmetrics_sitenote_category":0,"footnotes":""},"class_list":["post-142","page","type-page","status-publish","hentry"],"_links":{"self":[{"href":"https:\/\/www.campinglabedure.com\/de\/wp-json\/wp\/v2\/pages\/142","targetHints":{"allow":["GET"]}}],"collection":[{"href":"https:\/\/www.campinglabedure.com\/de\/wp-json\/wp\/v2\/pages"}],"about":[{"href":"https:\/\/www.campinglabedure.com\/de\/wp-json\/wp\/v2\/types\/page"}],"author":[{"embeddable":true,"href":"https:\/\/www.campinglabedure.com\/de\/wp-json\/wp\/v2\/users\/1"}],"replies":[{"embeddable":true,"href":"https:\/\/www.campinglabedure.com\/de\/wp-json\/wp\/v2\/comments?post=142"}],"version-history":[{"count":94,"href":"https:\/\/www.campinglabedure.com\/de\/wp-json\/wp\/v2\/pages\/142\/revisions"}],"predecessor-version":[{"id":2113,"href":"https:\/\/www.campinglabedure.com\/de\/wp-json\/wp\/v2\/pages\/142\/revisions\/2113"}],"wp:attachment":[{"href":"https:\/\/www.campinglabedure.com\/de\/wp-json\/wp\/v2\/media?parent=142"}],"curies":[{"name":"wp","href":"https:\/\/api.w.org\/{rel}","templated":true}]}}